{"id":625,"date":"2020-04-10T12:49:24","date_gmt":"2020-04-10T10:49:24","guid":{"rendered":"https:\/\/allgemeinarztpraxis-in-der-marienstrasse.de\/?page_id=625"},"modified":"2023-11-20T16:29:39","modified_gmt":"2023-11-20T15:29:39","slug":"notfallsprechsunde","status":"publish","type":"page","link":"https:\/\/allgemeinarztpraxis-in-der-marienstrasse.de\/home\/notfallsprechsunde\/","title":{"rendered":"Notfallsprechstunde"},"content":{"rendered":"\t\t<div data-elementor-type=\"wp-page\" data-elementor-id=\"625\" class=\"elementor elementor-625\" data-elementor-post-type=\"page\">\n\t\t\t\t\t\t<section class=\"elementor-section elementor-top-section elementor-element elementor-element-671e91d elementor-section-boxed elementor-section-height-default elementor-section-height-default\" data-id=\"671e91d\" data-element_type=\"section\" data-e-type=\"section\">\n\t\t\t\t\t\t<div class=\"elementor-container elementor-column-gap-default\">\n\t\t\t\t\t<div class=\"elementor-column elementor-col-100 elementor-top-column elementor-element elementor-element-b9cb580\" data-id=\"b9cb580\" data-element_type=\"column\" data-e-type=\"column\">\n\t\t\t<div class=\"elementor-widget-wrap elementor-element-populated\">\n\t\t\t\t\t\t<div class=\"elementor-element elementor-element-911a432 elementor-widget elementor-widget-heading\" data-id=\"911a432\" data-element_type=\"widget\" data-e-type=\"widget\" data-widget_type=\"heading.default\">\n\t\t\t\t<div class=\"elementor-widget-container\">\n\t\t\t\t\t<h2 class=\"elementor-heading-title elementor-size-default\">Notfallsprechstunde<\/h2>\t\t\t\t<\/div>\n\t\t\t\t<\/div>\n\t\t\t\t<div class=\"elementor-element elementor-element-6637380 elementor-widget elementor-widget-spacer\" data-id=\"6637380\" data-element_type=\"widget\" data-e-type=\"widget\" data-widget_type=\"spacer.default\">\n\t\t\t\t<div class=\"elementor-widget-container\">\n\t\t\t\t\t\t\t<div class=\"elementor-spacer\">\n\t\t\t<div class=\"elementor-spacer-inner\"><\/div>\n\t\t<\/div>\n\t\t\t\t\t\t<\/div>\n\t\t\t\t<\/div>\n\t\t\t\t\t<\/div>\n\t\t<\/div>\n\t\t\t\t\t<\/div>\n\t\t<\/section>\n\t\t\t\t<section class=\"elementor-section elementor-top-section elementor-element elementor-element-ad75429 elementor-section-boxed elementor-section-height-default elementor-section-height-default\" data-id=\"ad75429\" data-element_type=\"section\" data-e-type=\"section\">\n\t\t\t\t\t\t<div class=\"elementor-container elementor-column-gap-default\">\n\t\t\t\t\t<div class=\"elementor-column elementor-col-100 elementor-top-column elementor-element elementor-element-0d696e0\" data-id=\"0d696e0\" data-element_type=\"column\" data-e-type=\"column\">\n\t\t\t<div class=\"elementor-widget-wrap elementor-element-populated\">\n\t\t\t\t\t\t<div class=\"elementor-element elementor-element-bacbcde elementor-widget elementor-widget-heading\" data-id=\"bacbcde\" data-element_type=\"widget\" data-e-type=\"widget\" data-widget_type=\"heading.default\">\n\t\t\t\t<div class=\"elementor-widget-container\">\n\t\t\t\t\t<h5 class=\"elementor-heading-title elementor-size-medium\"><span style=\"margin-top: 0.5rem;margin-bottom: 1rem;line-height: 1.2;color: var( --e-global-color-secondary );font-size: 1.5rem;white-space: normal\">Die Sprechstunde f\u00fcr Notf\u00e4lle findet wie folgt statt:<\/span><span style=\"color: var( --e-global-color-secondary );font-family: inherit\"><\/span><\/h5>\t\t\t\t<\/div>\n\t\t\t\t<\/div>\n\t\t\t\t<div class=\"elementor-element elementor-element-282f165 elementor-widget elementor-widget-shortcode\" data-id=\"282f165\" data-element_type=\"widget\" data-e-type=\"widget\" data-widget_type=\"shortcode.default\">\n\t\t\t\t<div class=\"elementor-widget-container\">\n\t\t\t\t\t\t\t<div class=\"elementor-shortcode\"><div class=\"op-overview-shortcode\">\n<table class=\"op-table op-table-overview\">\n  \n    <tr class=\"op-row op-row-day \">\n    <th class=\"op-cell op-cell-heading\" scope=\"row\">Montag<\/th>\n    <td class=\"op-cell op-cell-periods\"><span class=\"op-period-time \">8:00 \u2013 9:00<\/span><\/td>\n  <\/tr>\n    <tr class=\"op-row op-row-day \">\n    <th class=\"op-cell op-cell-heading\" scope=\"row\">Dienstag<\/th>\n    <td class=\"op-cell op-cell-periods\"><span class=\"op-period-time \">10:30 \u2013 11:15<\/span><\/td>\n  <\/tr>\n    <tr class=\"op-row op-row-day \">\n    <th class=\"op-cell op-cell-heading\" scope=\"row\">Mittwoch<\/th>\n    <td class=\"op-cell op-cell-periods\"><span class=\"op-period-time \">10:15 \u2013 11:30<\/span><\/td>\n  <\/tr>\n    <tr class=\"op-row op-row-day \">\n    <th class=\"op-cell op-cell-heading\" scope=\"row\">Donnerstag<\/th>\n    <td class=\"op-cell op-cell-periods\"><span class=\"op-period-time \">10:30 \u2013 11:30<\/span><\/td>\n  <\/tr>\n    <tr class=\"op-row op-row-day \">\n    <th class=\"op-cell op-cell-heading\" scope=\"row\">Freitag<\/th>\n    <td class=\"op-cell op-cell-periods\"><span class=\"op-period-time \">10:00 \u2013 11:15<\/span><\/td>\n  <\/tr>\n  <\/table>\n\n<\/div><\/div>\n\t\t\t\t\t\t<\/div>\n\t\t\t\t<\/div>\n\t\t\t\t<div class=\"elementor-element elementor-element-d66aaa3 elementor-widget elementor-widget-text-editor\" data-id=\"d66aaa3\" data-element_type=\"widget\" data-e-type=\"widget\" data-widget_type=\"text-editor.default\">\n\t\t\t\t<div class=\"elementor-widget-container\">\n\t\t\t\t\t\t\t\t\t<p>Wir bitten Sie auch in Notf\u00e4llen, sich vorher telefonisch bis sp\u00e4testens 09:00 h anzumelden, um besser planen zu k\u00f6nnen. Patienten, welche sich nach 09:00 h anmelden, k\u00f6nnen wir in der Notfallsprechstunde nicht mehr behandeln.<\/p><p><span class=\"elementor-alert-description\"> In dringenden Notf\u00e4llen oder aus\u00dferhalb der Sprechstundenzeiten wenden Sie sich bitte an den \u00c4rztlichen Bereitschaftsdienst (<a href=\"tel:116117\">116 117<\/a>) oder den Rettungsdienst (<a href=\"tel:112\">112<\/a>).<br \/><\/span><\/p><p>\u00a0<\/p>\t\t\t\t\t\t\t\t<\/div>\n\t\t\t\t<\/div>\n\t\t\t\t\t<\/div>\n\t\t<\/div>\n\t\t\t\t\t<\/div>\n\t\t<\/section>\n\t\t\t\t<section class=\"elementor-section elementor-top-section elementor-element elementor-element-14498f0 elementor-section-boxed elementor-section-height-default elementor-section-height-default\" data-id=\"14498f0\" data-element_type=\"section\" data-e-type=\"section\">\n\t\t\t\t\t\t<div class=\"elementor-container elementor-column-gap-default\">\n\t\t\t\t\t<div class=\"elementor-column elementor-col-100 elementor-top-column elementor-element elementor-element-5068dda\" data-id=\"5068dda\" data-element_type=\"column\" data-e-type=\"column\">\n\t\t\t<div class=\"elementor-widget-wrap elementor-element-populated\">\n\t\t\t\t\t\t<div class=\"elementor-element elementor-element-b2ade5c elementor-widget-divider--view-line elementor-widget elementor-widget-divider\" data-id=\"b2ade5c\" data-element_type=\"widget\" data-e-type=\"widget\" data-widget_type=\"divider.default\">\n\t\t\t\t<div class=\"elementor-widget-container\">\n\t\t\t\t\t\t\t<div class=\"elementor-divider\">\n\t\t\t<span class=\"elementor-divider-separator\">\n\t\t\t\t\t\t<\/span>\n\t\t<\/div>\n\t\t\t\t\t\t<\/div>\n\t\t\t\t<\/div>\n\t\t\t\t<div class=\"elementor-element elementor-element-bb87a44 elementor-widget elementor-widget-spacer\" data-id=\"bb87a44\" data-element_type=\"widget\" data-e-type=\"widget\" data-widget_type=\"spacer.default\">\n\t\t\t\t<div class=\"elementor-widget-container\">\n\t\t\t\t\t\t\t<div class=\"elementor-spacer\">\n\t\t\t<div class=\"elementor-spacer-inner\"><\/div>\n\t\t<\/div>\n\t\t\t\t\t\t<\/div>\n\t\t\t\t<\/div>\n\t\t\t\t\t<\/div>\n\t\t<\/div>\n\t\t\t\t\t<\/div>\n\t\t<\/section>\n\t\t\t\t<section class=\"elementor-section elementor-top-section elementor-element elementor-element-5901e25 elementor-section-boxed elementor-section-height-default elementor-section-height-default\" data-id=\"5901e25\" data-element_type=\"section\" data-e-type=\"section\">\n\t\t\t\t\t\t<div class=\"elementor-container elementor-column-gap-default\">\n\t\t\t\t\t<div class=\"elementor-column elementor-col-66 elementor-top-column elementor-element elementor-element-8b62870\" data-id=\"8b62870\" data-element_type=\"column\" data-e-type=\"column\">\n\t\t\t<div class=\"elementor-widget-wrap elementor-element-populated\">\n\t\t\t\t\t\t<div class=\"elementor-element elementor-element-cc3b6fc elementor-widget elementor-widget-text-editor\" data-id=\"cc3b6fc\" data-element_type=\"widget\" data-e-type=\"widget\" data-widget_type=\"text-editor.default\">\n\t\t\t\t<div class=\"elementor-widget-container\">\n\t\t\t\t\t\t\t\t\t<h6 style=\"font-family: -apple-system, BlinkMacSystemFont, 'Segoe UI', Roboto, 'Helvetica Neue', Arial, 'Noto Sans', sans-serif, 'Apple Color Emoji', 'Segoe UI Emoji', 'Segoe UI Symbol', 'Noto Color Emoji'; text-align: center;\"><strong>Praxis f\u00fcr Allgemeinmedizin Dr. med. Sonja Rossa &amp; Gudrun Gonnermann<\/strong><\/h6><h6 style=\"font-family: -apple-system, BlinkMacSystemFont, 'Segoe UI', Roboto, 'Helvetica Neue', Arial, 'Noto Sans', sans-serif, 'Apple Color Emoji', 'Segoe UI Emoji', 'Segoe UI Symbol', 'Noto Color Emoji'; text-align: center;\"><strong>Marienstra\u00dfe\u00a057, 5.OG<\/strong><\/h6><h6 style=\"font-family: -apple-system, BlinkMacSystemFont, 'Segoe UI', Roboto, 'Helvetica Neue', Arial, 'Noto Sans', sans-serif, 'Apple Color Emoji', 'Segoe UI Emoji', 'Segoe UI Symbol', 'Noto Color Emoji'; text-align: center;\"><strong>30171 Hannover\u00a0<\/strong><\/h6><h6 style=\"font-family: -apple-system, BlinkMacSystemFont, 'Segoe UI', Roboto, 'Helvetica Neue', Arial, 'Noto Sans', sans-serif, 'Apple Color Emoji', 'Segoe UI Emoji', 'Segoe UI Symbol', 'Noto Color Emoji'; text-align: center;\"><strong>Telefon:\u00a0<a href=\"tel: 0511 3631188\">0511\u00a03631188<\/a>\u00a0\/\u00a0Fax:\u00a0<a href=\"fax: 0511 325555\">0511 325555<\/a><\/strong><\/h6><h6 class=\"has-text-align-center\" style=\"font-family: -apple-system, BlinkMacSystemFont, 'Segoe UI', Roboto, 'Helvetica Neue', Arial, 'Noto Sans', sans-serif, 'Apple Color Emoji', 'Segoe UI Emoji', 'Segoe UI Symbol', 'Noto Color Emoji'; text-align: center;\"><strong>E-Mail: <a href=\"mailto:info@praxis-rogo.de\">info@praxis-rogo.de<\/a><\/strong><\/h6>\t\t\t\t\t\t\t\t<\/div>\n\t\t\t\t<\/div>\n\t\t\t\t\t<\/div>\n\t\t<\/div>\n\t\t\t\t<div class=\"elementor-column elementor-col-33 elementor-top-column elementor-element elementor-element-a3a0ed2\" data-id=\"a3a0ed2\" data-element_type=\"column\" data-e-type=\"column\">\n\t\t\t<div class=\"elementor-widget-wrap elementor-element-populated\">\n\t\t\t\t\t\t<div class=\"elementor-element elementor-element-6867221 elementor-widget elementor-widget-google_maps\" data-id=\"6867221\" data-element_type=\"widget\" data-e-type=\"widget\" data-widget_type=\"google_maps.default\">\n\t\t\t\t<div class=\"elementor-widget-container\">\n\t\t\t\t\t\t\t<div class=\"elementor-custom-embed\">\n\t\t\t<iframe loading=\"lazy\"\n\t\t\t\t\tsrc=\"https:\/\/maps.google.com\/maps?q=Praxis%20f%C3%BCr%20Allgemeinmedizin%20Dr.%20med.%20Sonja%20Rossa%20%26%20Gudrun%20Gonnermann&#038;t=m&#038;z=11&#038;output=embed&#038;iwloc=near\"\n\t\t\t\t\ttitle=\"Praxis f\u00fcr Allgemeinmedizin Dr. med. Sonja Rossa &amp; Gudrun Gonnermann\"\n\t\t\t\t\taria-label=\"Praxis f\u00fcr Allgemeinmedizin Dr. med. Sonja Rossa &amp; Gudrun Gonnermann\"\n\t\t\t><\/iframe>\n\t\t<\/div>\n\t\t\t\t\t\t<\/div>\n\t\t\t\t<\/div>\n\t\t\t\t\t<\/div>\n\t\t<\/div>\n\t\t\t\t\t<\/div>\n\t\t<\/section>\n\t\t\t\t<\/div>\n\t\t","protected":false},"excerpt":{"rendered":"<p>Notfallsprechstunde Die Sprechstunde f\u00fcr Notf\u00e4lle findet wie folgt statt: Wir bitten Sie auch in Notf\u00e4llen, sich vorher telefonisch bis sp\u00e4testens 09:00 h anzumelden, um besser planen zu k\u00f6nnen. Patienten, welche sich nach 09:00 h anmelden, k\u00f6nnen wir in der Notfallsprechstunde nicht mehr behandeln. In dringenden Notf\u00e4llen oder aus\u00dferhalb der Sprechstundenzeiten wenden Sie sich bitte an [&hellip;]<\/p>\n","protected":false},"author":3,"featured_media":0,"parent":0,"menu_order":0,"comment_status":"closed","ping_status":"closed","template":"","meta":{"footnotes":""},"class_list":["post-625","page","type-page","status-publish","hentry"],"yoast_head":"<!-- This site is optimized with the Yoast SEO plugin v27.4 - https:\/\/yoast.com\/product\/yoast-seo-wordpress\/ -->\n<title>Notfallsprechstunde - PRAXIS F\u00dcR ALLGEMEINMEDIZIN<\/title>\n<meta name=\"robots\" content=\"index, follow, max-snippet:-1, max-image-preview:large, max-video-preview:-1\" \/>\n<link rel=\"canonical\" href=\"https:\/\/allgemeinarztpraxis-in-der-marienstrasse.de\/home\/notfallsprechsunde\/\" \/>\n<meta property=\"og:locale\" content=\"de_DE\" \/>\n<meta property=\"og:type\" content=\"article\" \/>\n<meta property=\"og:title\" content=\"Notfallsprechstunde - PRAXIS F\u00dcR ALLGEMEINMEDIZIN\" \/>\n<meta property=\"og:description\" content=\"Notfallsprechstunde Die Sprechstunde f\u00fcr Notf\u00e4lle findet wie folgt statt: Wir bitten Sie auch in Notf\u00e4llen, sich vorher telefonisch bis sp\u00e4testens 09:00 h anzumelden, um besser planen zu k\u00f6nnen. Patienten, welche sich nach 09:00 h anmelden, k\u00f6nnen wir in der Notfallsprechstunde nicht mehr behandeln. In dringenden Notf\u00e4llen oder aus\u00dferhalb der Sprechstundenzeiten wenden Sie sich bitte an [&hellip;]\" \/>\n<meta property=\"og:url\" content=\"https:\/\/allgemeinarztpraxis-in-der-marienstrasse.de\/home\/notfallsprechsunde\/\" \/>\n<meta property=\"og:site_name\" content=\"PRAXIS F\u00dcR ALLGEMEINMEDIZIN\" \/>\n<meta property=\"article:modified_time\" content=\"2023-11-20T15:29:39+00:00\" \/>\n<meta name=\"twitter:card\" content=\"summary_large_image\" \/>\n<meta name=\"twitter:label1\" content=\"Gesch\u00e4tzte Lesezeit\" \/>\n\t<meta name=\"twitter:data1\" content=\"1\u00a0Minute\" \/>\n<script type=\"application\/ld+json\" class=\"yoast-schema-graph\">{\"@context\":\"https:\\\/\\\/schema.org\",\"@graph\":[{\"@type\":\"WebPage\",\"@id\":\"https:\\\/\\\/allgemeinarztpraxis-in-der-marienstrasse.de\\\/home\\\/notfallsprechsunde\\\/\",\"url\":\"https:\\\/\\\/allgemeinarztpraxis-in-der-marienstrasse.de\\\/home\\\/notfallsprechsunde\\\/\",\"name\":\"Notfallsprechstunde - PRAXIS F\u00dcR ALLGEMEINMEDIZIN\",\"isPartOf\":{\"@id\":\"https:\\\/\\\/allgemeinarztpraxis-in-der-marienstrasse.de\\\/home\\\/#website\"},\"datePublished\":\"2020-04-10T10:49:24+00:00\",\"dateModified\":\"2023-11-20T15:29:39+00:00\",\"breadcrumb\":{\"@id\":\"https:\\\/\\\/allgemeinarztpraxis-in-der-marienstrasse.de\\\/home\\\/notfallsprechsunde\\\/#breadcrumb\"},\"inLanguage\":\"de\",\"potentialAction\":[{\"@type\":\"ReadAction\",\"target\":[\"https:\\\/\\\/allgemeinarztpraxis-in-der-marienstrasse.de\\\/home\\\/notfallsprechsunde\\\/\"]}]},{\"@type\":\"BreadcrumbList\",\"@id\":\"https:\\\/\\\/allgemeinarztpraxis-in-der-marienstrasse.de\\\/home\\\/notfallsprechsunde\\\/#breadcrumb\",\"itemListElement\":[{\"@type\":\"ListItem\",\"position\":1,\"name\":\"Startseite\",\"item\":\"https:\\\/\\\/allgemeinarztpraxis-in-der-marienstrasse.de\\\/home\\\/\"},{\"@type\":\"ListItem\",\"position\":2,\"name\":\"Notfallsprechstunde\"}]},{\"@type\":\"WebSite\",\"@id\":\"https:\\\/\\\/allgemeinarztpraxis-in-der-marienstrasse.de\\\/home\\\/#website\",\"url\":\"https:\\\/\\\/allgemeinarztpraxis-in-der-marienstrasse.de\\\/home\\\/\",\"name\":\"PRAXIS F\u00dcR ALLGEMEINMEDIZIN\",\"description\":\"Dr. med. Sonja Rossa &amp; Gudrun Gonnermann\",\"publisher\":{\"@id\":\"https:\\\/\\\/allgemeinarztpraxis-in-der-marienstrasse.de\\\/home\\\/#organization\"},\"potentialAction\":[{\"@type\":\"SearchAction\",\"target\":{\"@type\":\"EntryPoint\",\"urlTemplate\":\"https:\\\/\\\/allgemeinarztpraxis-in-der-marienstrasse.de\\\/home\\\/?s={search_term_string}\"},\"query-input\":{\"@type\":\"PropertyValueSpecification\",\"valueRequired\":true,\"valueName\":\"search_term_string\"}}],\"inLanguage\":\"de\"},{\"@type\":\"Organization\",\"@id\":\"https:\\\/\\\/allgemeinarztpraxis-in-der-marienstrasse.de\\\/home\\\/#organization\",\"name\":\"Dr. med Sonja Rossa & Gudrun Gonnermann\",\"url\":\"https:\\\/\\\/allgemeinarztpraxis-in-der-marienstrasse.de\\\/home\\\/\",\"logo\":{\"@type\":\"ImageObject\",\"inLanguage\":\"de\",\"@id\":\"https:\\\/\\\/allgemeinarztpraxis-in-der-marienstrasse.de\\\/home\\\/#\\\/schema\\\/logo\\\/image\\\/\",\"url\":\"https:\\\/\\\/allgemeinarztpraxis-in-der-marienstrasse.de\\\/wp-content\\\/uploads\\\/2020\\\/04\\\/IMG_0064-1.jpeg\",\"contentUrl\":\"https:\\\/\\\/allgemeinarztpraxis-in-der-marienstrasse.de\\\/wp-content\\\/uploads\\\/2020\\\/04\\\/IMG_0064-1.jpeg\",\"width\":1129,\"height\":1234,\"caption\":\"Dr. med Sonja Rossa & Gudrun Gonnermann\"},\"image\":{\"@id\":\"https:\\\/\\\/allgemeinarztpraxis-in-der-marienstrasse.de\\\/home\\\/#\\\/schema\\\/logo\\\/image\\\/\"}}]}<\/script>\n<!-- \/ Yoast SEO plugin. -->","yoast_head_json":{"title":"Notfallsprechstunde - PRAXIS F\u00dcR ALLGEMEINMEDIZIN","robots":{"index":"index","follow":"follow","max-snippet":"max-snippet:-1","max-image-preview":"max-image-preview:large","max-video-preview":"max-video-preview:-1"},"canonical":"https:\/\/allgemeinarztpraxis-in-der-marienstrasse.de\/home\/notfallsprechsunde\/","og_locale":"de_DE","og_type":"article","og_title":"Notfallsprechstunde - PRAXIS F\u00dcR ALLGEMEINMEDIZIN","og_description":"Notfallsprechstunde Die Sprechstunde f\u00fcr Notf\u00e4lle findet wie folgt statt: Wir bitten Sie auch in Notf\u00e4llen, sich vorher telefonisch bis sp\u00e4testens 09:00 h anzumelden, um besser planen zu k\u00f6nnen. Patienten, welche sich nach 09:00 h anmelden, k\u00f6nnen wir in der Notfallsprechstunde nicht mehr behandeln. In dringenden Notf\u00e4llen oder aus\u00dferhalb der Sprechstundenzeiten wenden Sie sich bitte an [&hellip;]","og_url":"https:\/\/allgemeinarztpraxis-in-der-marienstrasse.de\/home\/notfallsprechsunde\/","og_site_name":"PRAXIS F\u00dcR ALLGEMEINMEDIZIN","article_modified_time":"2023-11-20T15:29:39+00:00","twitter_card":"summary_large_image","twitter_misc":{"Gesch\u00e4tzte Lesezeit":"1\u00a0Minute"},"schema":{"@context":"https:\/\/schema.org","@graph":[{"@type":"WebPage","@id":"https:\/\/allgemeinarztpraxis-in-der-marienstrasse.de\/home\/notfallsprechsunde\/","url":"https:\/\/allgemeinarztpraxis-in-der-marienstrasse.de\/home\/notfallsprechsunde\/","name":"Notfallsprechstunde - PRAXIS F\u00dcR ALLGEMEINMEDIZIN","isPartOf":{"@id":"https:\/\/allgemeinarztpraxis-in-der-marienstrasse.de\/home\/#website"},"datePublished":"2020-04-10T10:49:24+00:00","dateModified":"2023-11-20T15:29:39+00:00","breadcrumb":{"@id":"https:\/\/allgemeinarztpraxis-in-der-marienstrasse.de\/home\/notfallsprechsunde\/#breadcrumb"},"inLanguage":"de","potentialAction":[{"@type":"ReadAction","target":["https:\/\/allgemeinarztpraxis-in-der-marienstrasse.de\/home\/notfallsprechsunde\/"]}]},{"@type":"BreadcrumbList","@id":"https:\/\/allgemeinarztpraxis-in-der-marienstrasse.de\/home\/notfallsprechsunde\/#breadcrumb","itemListElement":[{"@type":"ListItem","position":1,"name":"Startseite","item":"https:\/\/allgemeinarztpraxis-in-der-marienstrasse.de\/home\/"},{"@type":"ListItem","position":2,"name":"Notfallsprechstunde"}]},{"@type":"WebSite","@id":"https:\/\/allgemeinarztpraxis-in-der-marienstrasse.de\/home\/#website","url":"https:\/\/allgemeinarztpraxis-in-der-marienstrasse.de\/home\/","name":"PRAXIS F\u00dcR ALLGEMEINMEDIZIN","description":"Dr. med. Sonja Rossa &amp; Gudrun Gonnermann","publisher":{"@id":"https:\/\/allgemeinarztpraxis-in-der-marienstrasse.de\/home\/#organization"},"potentialAction":[{"@type":"SearchAction","target":{"@type":"EntryPoint","urlTemplate":"https:\/\/allgemeinarztpraxis-in-der-marienstrasse.de\/home\/?s={search_term_string}"},"query-input":{"@type":"PropertyValueSpecification","valueRequired":true,"valueName":"search_term_string"}}],"inLanguage":"de"},{"@type":"Organization","@id":"https:\/\/allgemeinarztpraxis-in-der-marienstrasse.de\/home\/#organization","name":"Dr. med Sonja Rossa & Gudrun Gonnermann","url":"https:\/\/allgemeinarztpraxis-in-der-marienstrasse.de\/home\/","logo":{"@type":"ImageObject","inLanguage":"de","@id":"https:\/\/allgemeinarztpraxis-in-der-marienstrasse.de\/home\/#\/schema\/logo\/image\/","url":"https:\/\/allgemeinarztpraxis-in-der-marienstrasse.de\/wp-content\/uploads\/2020\/04\/IMG_0064-1.jpeg","contentUrl":"https:\/\/allgemeinarztpraxis-in-der-marienstrasse.de\/wp-content\/uploads\/2020\/04\/IMG_0064-1.jpeg","width":1129,"height":1234,"caption":"Dr. med Sonja Rossa & Gudrun Gonnermann"},"image":{"@id":"https:\/\/allgemeinarztpraxis-in-der-marienstrasse.de\/home\/#\/schema\/logo\/image\/"}}]}},"jetpack_sharing_enabled":true,"_links":{"self":[{"href":"https:\/\/allgemeinarztpraxis-in-der-marienstrasse.de\/home\/wp-json\/wp\/v2\/pages\/625","targetHints":{"allow":["GET"]}}],"collection":[{"href":"https:\/\/allgemeinarztpraxis-in-der-marienstrasse.de\/home\/wp-json\/wp\/v2\/pages"}],"about":[{"href":"https:\/\/allgemeinarztpraxis-in-der-marienstrasse.de\/home\/wp-json\/wp\/v2\/types\/page"}],"author":[{"embeddable":true,"href":"https:\/\/allgemeinarztpraxis-in-der-marienstrasse.de\/home\/wp-json\/wp\/v2\/users\/3"}],"replies":[{"embeddable":true,"href":"https:\/\/allgemeinarztpraxis-in-der-marienstrasse.de\/home\/wp-json\/wp\/v2\/comments?post=625"}],"version-history":[{"count":21,"href":"https:\/\/allgemeinarztpraxis-in-der-marienstrasse.de\/home\/wp-json\/wp\/v2\/pages\/625\/revisions"}],"predecessor-version":[{"id":3504,"href":"https:\/\/allgemeinarztpraxis-in-der-marienstrasse.de\/home\/wp-json\/wp\/v2\/pages\/625\/revisions\/3504"}],"wp:attachment":[{"href":"https:\/\/allgemeinarztpraxis-in-der-marienstrasse.de\/home\/wp-json\/wp\/v2\/media?parent=625"}],"curies":[{"name":"wp","href":"https:\/\/api.w.org\/{rel}","templated":true}]}}