{"id":631,"date":"2020-04-10T12:55:57","date_gmt":"2020-04-10T10:55:57","guid":{"rendered":"https:\/\/allgemeinarztpraxis-in-der-marienstrasse.de\/?page_id=631"},"modified":"2023-11-06T17:16:24","modified_gmt":"2023-11-06T16:16:24","slug":"rezept-ueberweisung-bestellen","status":"publish","type":"page","link":"https:\/\/allgemeinarztpraxis-in-der-marienstrasse.de\/home\/rezept-ueberweisung-bestellen\/","title":{"rendered":"Rezept \/ \u00dcberweisung bestellen \u200b"},"content":{"rendered":"\t\t<div data-elementor-type=\"wp-page\" data-elementor-id=\"631\" class=\"elementor elementor-631\" data-elementor-post-type=\"page\">\n\t\t\t\t\t\t<section class=\"elementor-section elementor-top-section elementor-element elementor-element-fe120e0 elementor-section-boxed elementor-section-height-default elementor-section-height-default\" data-id=\"fe120e0\" data-element_type=\"section\" data-e-type=\"section\">\n\t\t\t\t\t\t<div class=\"elementor-container elementor-column-gap-default\">\n\t\t\t\t\t<div class=\"elementor-column elementor-col-100 elementor-top-column elementor-element elementor-element-de57b56\" data-id=\"de57b56\" data-element_type=\"column\" data-e-type=\"column\">\n\t\t\t<div class=\"elementor-widget-wrap elementor-element-populated\">\n\t\t\t\t\t\t<div class=\"elementor-element elementor-element-30ac392 elementor-widget elementor-widget-spacer\" data-id=\"30ac392\" data-element_type=\"widget\" data-e-type=\"widget\" data-widget_type=\"spacer.default\">\n\t\t\t\t<div class=\"elementor-widget-container\">\n\t\t\t\t\t\t\t<div class=\"elementor-spacer\">\n\t\t\t<div class=\"elementor-spacer-inner\"><\/div>\n\t\t<\/div>\n\t\t\t\t\t\t<\/div>\n\t\t\t\t<\/div>\n\t\t\t\t\t<\/div>\n\t\t<\/div>\n\t\t\t\t\t<\/div>\n\t\t<\/section>\n\t\t\t\t<section class=\"elementor-section elementor-top-section elementor-element elementor-element-a8f14b3 elementor-section-boxed elementor-section-height-default elementor-section-height-default\" data-id=\"a8f14b3\" data-element_type=\"section\" data-e-type=\"section\">\n\t\t\t\t\t\t<div class=\"elementor-container elementor-column-gap-default\">\n\t\t\t\t\t<div class=\"elementor-column elementor-col-100 elementor-top-column elementor-element elementor-element-2f2dfce\" data-id=\"2f2dfce\" data-element_type=\"column\" data-e-type=\"column\">\n\t\t\t<div class=\"elementor-widget-wrap elementor-element-populated\">\n\t\t\t\t\t\t<div class=\"elementor-element elementor-element-363f0ea elementor-widget elementor-widget-heading\" data-id=\"363f0ea\" data-element_type=\"widget\" data-e-type=\"widget\" data-widget_type=\"heading.default\">\n\t\t\t\t<div class=\"elementor-widget-container\">\n\t\t\t\t\t<h2 class=\"elementor-heading-title elementor-size-default\">Rezept \/ \u00dcberweisung bestellen <\/h2>\t\t\t\t<\/div>\n\t\t\t\t<\/div>\n\t\t\t\t\t<\/div>\n\t\t<\/div>\n\t\t\t\t\t<\/div>\n\t\t<\/section>\n\t\t\t\t<section class=\"elementor-section elementor-top-section elementor-element elementor-element-ff95998 elementor-section-boxed elementor-section-height-default elementor-section-height-default\" data-id=\"ff95998\" data-element_type=\"section\" data-e-type=\"section\">\n\t\t\t\t\t\t<div class=\"elementor-container elementor-column-gap-default\">\n\t\t\t\t\t<div class=\"elementor-column elementor-col-100 elementor-top-column elementor-element elementor-element-5f9c9d3a\" data-id=\"5f9c9d3a\" data-element_type=\"column\" data-e-type=\"column\">\n\t\t\t<div class=\"elementor-widget-wrap elementor-element-populated\">\n\t\t\t\t\t\t<div class=\"elementor-element elementor-element-ebd4a29 elementor-widget elementor-widget-spacer\" data-id=\"ebd4a29\" data-element_type=\"widget\" data-e-type=\"widget\" data-widget_type=\"spacer.default\">\n\t\t\t\t<div class=\"elementor-widget-container\">\n\t\t\t\t\t\t\t<div class=\"elementor-spacer\">\n\t\t\t<div class=\"elementor-spacer-inner\"><\/div>\n\t\t<\/div>\n\t\t\t\t\t\t<\/div>\n\t\t\t\t<\/div>\n\t\t\t\t<div class=\"elementor-element elementor-element-661e78f2 elementor-widget elementor-widget-text-editor\" data-id=\"661e78f2\" data-element_type=\"widget\" data-e-type=\"widget\" data-widget_type=\"text-editor.default\">\n\t\t\t\t<div class=\"elementor-widget-container\">\n\t\t\t\t\t\t\t\t\t\n<h4 class=\"has-text-align-left wp-block-heading\">Wie bestelle ich ein Rezept \u00fcber das Telefon?<\/h4>\n\n<p class=\"has-text-align-left\">Rezepte k\u00f6nnen hier bestellt werden, wenn es sich um ein Wiederholungsrezept handelt, das Sie regelm\u00e4\u00dfig verordnet bekommen. Bei jedem neuen Medikament ist nat\u00fcrlich immer erst ein Gespr\u00e4ch mit dem Arzt notwendig.<br \/><strong>Diktieren Sie Ihre Rezeptbestellung<\/strong>\u00a0und Ihre \u00dcberweisungsw\u00fcnsche<br \/><strong>unserer Mailbox<\/strong>\u00a0unter der Telefonnummer <span style=\"text-decoration: underline;\"><a href=\"tel: 0511 3631188\">0511 3631188<\/a><\/span><\/p>\n\n<h4 class=\"has-text-align-left wp-block-heading\">Um die Bestellung bearbeiten zu k\u00f6nnen, nennen Sie uns bitte:<\/h4>\n\n<p class=\"has-text-align-left\"><strong>Name, Vorname<br \/>Geburtsdatum<br \/>Krankenkasse<br \/>Name des Medikamentes<\/strong>, evtl. Wirkst\u00e4rke und die gew\u00fcnschte Packungsgr\u00f6\u00dfe<\/p>\n\n<h4 class=\"has-text-align-left wp-block-heading\">Kann ich auch eine \u00dcberweisung bestellen?<\/h4>\n\n<p class=\"has-text-align-left\">\u00dcberweisungen zum Facharzt k\u00f6nnen ebenfalls bestellt werden, falls es sich um eine Routine\u00fcberweisung handelt. Um auch hier die Bestellung bearbeiten zu k\u00f6nnen, ben\u00f6tigen wir:<\/p>\n\n<p class=\"has-text-align-left\"><strong>Name, Vorname<br \/>Geburtsdatum<br \/>Fachrichtung des Spezialisten, f\u00fcr den die \u00dcberweisung gew\u00fcnscht ist<\/strong><\/p>\n\n<p class=\"has-text-align-left\"><strong>Die Bestellungen <span style=\"font-weight: 600;\">sind<\/span> jeweils am Folgetag abholbereit. <\/strong><\/p>\n\n<p>\u00a0<\/p>\n\t\t\t\t\t\t\t\t<\/div>\n\t\t\t\t<\/div>\n\t\t\t\t<div class=\"elementor-element elementor-element-68c96f5 elementor-widget elementor-widget-spacer\" data-id=\"68c96f5\" data-element_type=\"widget\" data-e-type=\"widget\" data-widget_type=\"spacer.default\">\n\t\t\t\t<div class=\"elementor-widget-container\">\n\t\t\t\t\t\t\t<div class=\"elementor-spacer\">\n\t\t\t<div class=\"elementor-spacer-inner\"><\/div>\n\t\t<\/div>\n\t\t\t\t\t\t<\/div>\n\t\t\t\t<\/div>\n\t\t\t\t\t<\/div>\n\t\t<\/div>\n\t\t\t\t\t<\/div>\n\t\t<\/section>\n\t\t\t\t<section class=\"elementor-section elementor-top-section elementor-element elementor-element-51b77d2 elementor-section-boxed elementor-section-height-default elementor-section-height-default\" data-id=\"51b77d2\" data-element_type=\"section\" data-e-type=\"section\">\n\t\t\t\t\t\t<div class=\"elementor-container elementor-column-gap-default\">\n\t\t\t\t\t<div class=\"elementor-column elementor-col-100 elementor-top-column elementor-element elementor-element-3001950\" data-id=\"3001950\" data-element_type=\"column\" data-e-type=\"column\">\n\t\t\t<div class=\"elementor-widget-wrap elementor-element-populated\">\n\t\t\t\t\t\t<div class=\"elementor-element elementor-element-fcef6be elementor-widget elementor-widget-shortcode\" data-id=\"fcef6be\" data-element_type=\"widget\" data-e-type=\"widget\" data-widget_type=\"shortcode.default\">\n\t\t\t\t<div class=\"elementor-widget-container\">\n\t\t\t\t\t\t\t<div class=\"elementor-shortcode\"><form id=\"forminator-module-3241\" class=\"forminator-custom-form forminator-custom-form-3241\" method=\"post\" data-forminator-render=\"0\" data-uid=\"69ecb2cc1007f\"><div role=\"alert\" aria-live=\"polite\" class=\"forminator-response-message forminator-error\" aria-hidden=\"true\"><\/div><\/form><\/div>\n\t\t\t\t\t\t<\/div>\n\t\t\t\t<\/div>\n\t\t\t\t<div class=\"elementor-element elementor-element-704faa2 elementor-widget-divider--view-line elementor-widget elementor-widget-divider\" data-id=\"704faa2\" data-element_type=\"widget\" data-e-type=\"widget\" data-widget_type=\"divider.default\">\n\t\t\t\t<div class=\"elementor-widget-container\">\n\t\t\t\t\t\t\t<div class=\"elementor-divider\">\n\t\t\t<span class=\"elementor-divider-separator\">\n\t\t\t\t\t\t<\/span>\n\t\t<\/div>\n\t\t\t\t\t\t<\/div>\n\t\t\t\t<\/div>\n\t\t\t\t<div class=\"elementor-element elementor-element-ba809f9 elementor-widget elementor-widget-spacer\" data-id=\"ba809f9\" data-element_type=\"widget\" data-e-type=\"widget\" data-widget_type=\"spacer.default\">\n\t\t\t\t<div class=\"elementor-widget-container\">\n\t\t\t\t\t\t\t<div class=\"elementor-spacer\">\n\t\t\t<div class=\"elementor-spacer-inner\"><\/div>\n\t\t<\/div>\n\t\t\t\t\t\t<\/div>\n\t\t\t\t<\/div>\n\t\t\t\t\t<\/div>\n\t\t<\/div>\n\t\t\t\t\t<\/div>\n\t\t<\/section>\n\t\t\t\t<section class=\"elementor-section elementor-top-section elementor-element elementor-element-efdd15f elementor-section-boxed elementor-section-height-default elementor-section-height-default\" data-id=\"efdd15f\" data-element_type=\"section\" data-e-type=\"section\">\n\t\t\t\t\t\t<div class=\"elementor-container elementor-column-gap-default\">\n\t\t\t\t\t<div class=\"elementor-column elementor-col-66 elementor-top-column elementor-element elementor-element-8328217\" data-id=\"8328217\" data-element_type=\"column\" data-e-type=\"column\">\n\t\t\t<div class=\"elementor-widget-wrap elementor-element-populated\">\n\t\t\t\t\t\t<div class=\"elementor-element elementor-element-f0653a9 elementor-widget elementor-widget-text-editor\" data-id=\"f0653a9\" data-element_type=\"widget\" data-e-type=\"widget\" data-widget_type=\"text-editor.default\">\n\t\t\t\t<div class=\"elementor-widget-container\">\n\t\t\t\t\t\t\t\t\t<p style=\"text-align: center;\"><strong>Praxis f\u00fcr Allgemeinmedizin Dr. med. Sonja Rossa &amp; Gudrun Gonnermann<\/strong><\/p>\n<p style=\"text-align: center;\"><strong>Marienstra\u00dfe\u00a057, 5.OG<\/strong><\/p>\n<p style=\"text-align: center;\"><strong>30171 Hannover\u00a0<\/strong><\/p>\n<p style=\"text-align: center;\"><strong>Telefon:\u00a0<a href=\"tel: 0511 3631188\">0511\u00a03631188<\/a>\u00a0\/\u00a0Fax:\u00a0<a href=\"fax: 0511 325555\">0511 325555<\/a><\/strong><\/p>\n<p class=\"has-text-align-center\" style=\"text-align: center;\"><strong>E-Mail:<a href=\"mailto:info@praxis-rogo.de\"> info@praxis-rogo.de<\/a><\/strong><\/p>\t\t\t\t\t\t\t\t<\/div>\n\t\t\t\t<\/div>\n\t\t\t\t\t<\/div>\n\t\t<\/div>\n\t\t\t\t<div class=\"elementor-column elementor-col-33 elementor-top-column elementor-element elementor-element-2fb1dea\" data-id=\"2fb1dea\" data-element_type=\"column\" data-e-type=\"column\">\n\t\t\t<div class=\"elementor-widget-wrap elementor-element-populated\">\n\t\t\t\t\t\t<div class=\"elementor-element elementor-element-dd6571d elementor-widget elementor-widget-google_maps\" data-id=\"dd6571d\" data-element_type=\"widget\" data-e-type=\"widget\" data-widget_type=\"google_maps.default\">\n\t\t\t\t<div class=\"elementor-widget-container\">\n\t\t\t\t\t\t\t<div class=\"elementor-custom-embed\">\n\t\t\t<iframe loading=\"lazy\"\n\t\t\t\t\tsrc=\"https:\/\/maps.google.com\/maps?q=Praxis%20f%C3%BCr%20Allgemeinmedizin%20Dr.%20med.%20Sonja%20Rossa%20%26%20Gudrun%20Gonnermann&#038;t=m&#038;z=11&#038;output=embed&#038;iwloc=near\"\n\t\t\t\t\ttitle=\"Praxis f\u00fcr Allgemeinmedizin Dr. med. Sonja Rossa &amp; Gudrun Gonnermann\"\n\t\t\t\t\taria-label=\"Praxis f\u00fcr Allgemeinmedizin Dr. med. Sonja Rossa &amp; Gudrun Gonnermann\"\n\t\t\t><\/iframe>\n\t\t<\/div>\n\t\t\t\t\t\t<\/div>\n\t\t\t\t<\/div>\n\t\t\t\t\t<\/div>\n\t\t<\/div>\n\t\t\t\t\t<\/div>\n\t\t<\/section>\n\t\t\t\t<\/div>\n\t\t","protected":false},"excerpt":{"rendered":"<p>Rezept \/ \u00dcberweisung bestellen Wie bestelle ich ein Rezept \u00fcber das Telefon? Rezepte k\u00f6nnen hier bestellt werden, wenn es sich um ein Wiederholungsrezept handelt, das Sie regelm\u00e4\u00dfig verordnet bekommen. Bei jedem neuen Medikament ist nat\u00fcrlich immer erst ein Gespr\u00e4ch mit dem Arzt notwendig.Diktieren Sie Ihre Rezeptbestellung\u00a0und Ihre \u00dcberweisungsw\u00fcnscheunserer Mailbox\u00a0unter der Telefonnummer 0511 3631188 Um die [&hellip;]<\/p>\n","protected":false},"author":3,"featured_media":0,"parent":0,"menu_order":0,"comment_status":"closed","ping_status":"closed","template":"","meta":{"footnotes":""},"class_list":["post-631","page","type-page","status-publish","hentry"],"yoast_head":"<!-- This site is optimized with the Yoast SEO plugin v27.4 - https:\/\/yoast.com\/product\/yoast-seo-wordpress\/ -->\n<title>Rezept \/ \u00dcberweisung bestellen \u200b - PRAXIS F\u00dcR ALLGEMEINMEDIZIN<\/title>\n<meta name=\"description\" content=\"Rezepte k\u00f6nnen hier bestellt werden, wenn es sich um ein Wiederholungsrezept handelt, das Sie regelm\u00e4\u00dfig verordnet bekommen.\" \/>\n<meta name=\"robots\" content=\"index, follow, max-snippet:-1, max-image-preview:large, max-video-preview:-1\" \/>\n<link rel=\"canonical\" href=\"https:\/\/allgemeinarztpraxis-in-der-marienstrasse.de\/home\/rezept-ueberweisung-bestellen\/\" \/>\n<meta property=\"og:locale\" content=\"de_DE\" \/>\n<meta property=\"og:type\" content=\"article\" \/>\n<meta property=\"og:title\" content=\"Rezept \/ \u00dcberweisung bestellen \u200b - PRAXIS F\u00dcR ALLGEMEINMEDIZIN\" \/>\n<meta property=\"og:description\" content=\"Rezepte k\u00f6nnen hier bestellt werden, wenn es sich um ein Wiederholungsrezept handelt, das Sie regelm\u00e4\u00dfig verordnet bekommen.\" \/>\n<meta property=\"og:url\" content=\"https:\/\/allgemeinarztpraxis-in-der-marienstrasse.de\/home\/rezept-ueberweisung-bestellen\/\" \/>\n<meta property=\"og:site_name\" content=\"PRAXIS F\u00dcR ALLGEMEINMEDIZIN\" \/>\n<meta property=\"article:modified_time\" content=\"2023-11-06T16:16:24+00:00\" \/>\n<meta name=\"twitter:card\" content=\"summary_large_image\" \/>\n<meta name=\"twitter:label1\" content=\"Gesch\u00e4tzte Lesezeit\" \/>\n\t<meta name=\"twitter:data1\" content=\"1\u00a0Minute\" \/>\n<script type=\"application\/ld+json\" class=\"yoast-schema-graph\">{\"@context\":\"https:\\\/\\\/schema.org\",\"@graph\":[{\"@type\":\"WebPage\",\"@id\":\"https:\\\/\\\/allgemeinarztpraxis-in-der-marienstrasse.de\\\/home\\\/rezept-ueberweisung-bestellen\\\/\",\"url\":\"https:\\\/\\\/allgemeinarztpraxis-in-der-marienstrasse.de\\\/home\\\/rezept-ueberweisung-bestellen\\\/\",\"name\":\"Rezept \\\/ \u00dcberweisung bestellen \u200b - PRAXIS F\u00dcR ALLGEMEINMEDIZIN\",\"isPartOf\":{\"@id\":\"https:\\\/\\\/allgemeinarztpraxis-in-der-marienstrasse.de\\\/home\\\/#website\"},\"datePublished\":\"2020-04-10T10:55:57+00:00\",\"dateModified\":\"2023-11-06T16:16:24+00:00\",\"description\":\"Rezepte k\u00f6nnen hier bestellt werden, wenn es sich um ein Wiederholungsrezept handelt, das Sie regelm\u00e4\u00dfig verordnet bekommen.\",\"inLanguage\":\"de\",\"potentialAction\":[{\"@type\":\"ReadAction\",\"target\":[\"https:\\\/\\\/allgemeinarztpraxis-in-der-marienstrasse.de\\\/home\\\/rezept-ueberweisung-bestellen\\\/\"]}]},{\"@type\":\"WebSite\",\"@id\":\"https:\\\/\\\/allgemeinarztpraxis-in-der-marienstrasse.de\\\/home\\\/#website\",\"url\":\"https:\\\/\\\/allgemeinarztpraxis-in-der-marienstrasse.de\\\/home\\\/\",\"name\":\"PRAXIS F\u00dcR ALLGEMEINMEDIZIN\",\"description\":\"Dr. med. Sonja Rossa &amp; Gudrun Gonnermann\",\"publisher\":{\"@id\":\"https:\\\/\\\/allgemeinarztpraxis-in-der-marienstrasse.de\\\/home\\\/#organization\"},\"potentialAction\":[{\"@type\":\"SearchAction\",\"target\":{\"@type\":\"EntryPoint\",\"urlTemplate\":\"https:\\\/\\\/allgemeinarztpraxis-in-der-marienstrasse.de\\\/home\\\/?s={search_term_string}\"},\"query-input\":{\"@type\":\"PropertyValueSpecification\",\"valueRequired\":true,\"valueName\":\"search_term_string\"}}],\"inLanguage\":\"de\"},{\"@type\":\"Organization\",\"@id\":\"https:\\\/\\\/allgemeinarztpraxis-in-der-marienstrasse.de\\\/home\\\/#organization\",\"name\":\"Dr. med Sonja Rossa & Gudrun Gonnermann\",\"url\":\"https:\\\/\\\/allgemeinarztpraxis-in-der-marienstrasse.de\\\/home\\\/\",\"logo\":{\"@type\":\"ImageObject\",\"inLanguage\":\"de\",\"@id\":\"https:\\\/\\\/allgemeinarztpraxis-in-der-marienstrasse.de\\\/home\\\/#\\\/schema\\\/logo\\\/image\\\/\",\"url\":\"https:\\\/\\\/allgemeinarztpraxis-in-der-marienstrasse.de\\\/wp-content\\\/uploads\\\/2020\\\/04\\\/IMG_0064-1.jpeg\",\"contentUrl\":\"https:\\\/\\\/allgemeinarztpraxis-in-der-marienstrasse.de\\\/wp-content\\\/uploads\\\/2020\\\/04\\\/IMG_0064-1.jpeg\",\"width\":1129,\"height\":1234,\"caption\":\"Dr. med Sonja Rossa & Gudrun Gonnermann\"},\"image\":{\"@id\":\"https:\\\/\\\/allgemeinarztpraxis-in-der-marienstrasse.de\\\/home\\\/#\\\/schema\\\/logo\\\/image\\\/\"}}]}<\/script>\n<!-- \/ Yoast SEO plugin. -->","yoast_head_json":{"title":"Rezept \/ \u00dcberweisung bestellen \u200b - PRAXIS F\u00dcR ALLGEMEINMEDIZIN","description":"Rezepte k\u00f6nnen hier bestellt werden, wenn es sich um ein Wiederholungsrezept handelt, das Sie regelm\u00e4\u00dfig verordnet bekommen.","robots":{"index":"index","follow":"follow","max-snippet":"max-snippet:-1","max-image-preview":"max-image-preview:large","max-video-preview":"max-video-preview:-1"},"canonical":"https:\/\/allgemeinarztpraxis-in-der-marienstrasse.de\/home\/rezept-ueberweisung-bestellen\/","og_locale":"de_DE","og_type":"article","og_title":"Rezept \/ \u00dcberweisung bestellen \u200b - PRAXIS F\u00dcR ALLGEMEINMEDIZIN","og_description":"Rezepte k\u00f6nnen hier bestellt werden, wenn es sich um ein Wiederholungsrezept handelt, das Sie regelm\u00e4\u00dfig verordnet bekommen.","og_url":"https:\/\/allgemeinarztpraxis-in-der-marienstrasse.de\/home\/rezept-ueberweisung-bestellen\/","og_site_name":"PRAXIS F\u00dcR ALLGEMEINMEDIZIN","article_modified_time":"2023-11-06T16:16:24+00:00","twitter_card":"summary_large_image","twitter_misc":{"Gesch\u00e4tzte Lesezeit":"1\u00a0Minute"},"schema":{"@context":"https:\/\/schema.org","@graph":[{"@type":"WebPage","@id":"https:\/\/allgemeinarztpraxis-in-der-marienstrasse.de\/home\/rezept-ueberweisung-bestellen\/","url":"https:\/\/allgemeinarztpraxis-in-der-marienstrasse.de\/home\/rezept-ueberweisung-bestellen\/","name":"Rezept \/ \u00dcberweisung bestellen \u200b - PRAXIS F\u00dcR ALLGEMEINMEDIZIN","isPartOf":{"@id":"https:\/\/allgemeinarztpraxis-in-der-marienstrasse.de\/home\/#website"},"datePublished":"2020-04-10T10:55:57+00:00","dateModified":"2023-11-06T16:16:24+00:00","description":"Rezepte k\u00f6nnen hier bestellt werden, wenn es sich um ein Wiederholungsrezept handelt, das Sie regelm\u00e4\u00dfig verordnet bekommen.","inLanguage":"de","potentialAction":[{"@type":"ReadAction","target":["https:\/\/allgemeinarztpraxis-in-der-marienstrasse.de\/home\/rezept-ueberweisung-bestellen\/"]}]},{"@type":"WebSite","@id":"https:\/\/allgemeinarztpraxis-in-der-marienstrasse.de\/home\/#website","url":"https:\/\/allgemeinarztpraxis-in-der-marienstrasse.de\/home\/","name":"PRAXIS F\u00dcR ALLGEMEINMEDIZIN","description":"Dr. med. Sonja Rossa &amp; Gudrun Gonnermann","publisher":{"@id":"https:\/\/allgemeinarztpraxis-in-der-marienstrasse.de\/home\/#organization"},"potentialAction":[{"@type":"SearchAction","target":{"@type":"EntryPoint","urlTemplate":"https:\/\/allgemeinarztpraxis-in-der-marienstrasse.de\/home\/?s={search_term_string}"},"query-input":{"@type":"PropertyValueSpecification","valueRequired":true,"valueName":"search_term_string"}}],"inLanguage":"de"},{"@type":"Organization","@id":"https:\/\/allgemeinarztpraxis-in-der-marienstrasse.de\/home\/#organization","name":"Dr. med Sonja Rossa & Gudrun Gonnermann","url":"https:\/\/allgemeinarztpraxis-in-der-marienstrasse.de\/home\/","logo":{"@type":"ImageObject","inLanguage":"de","@id":"https:\/\/allgemeinarztpraxis-in-der-marienstrasse.de\/home\/#\/schema\/logo\/image\/","url":"https:\/\/allgemeinarztpraxis-in-der-marienstrasse.de\/wp-content\/uploads\/2020\/04\/IMG_0064-1.jpeg","contentUrl":"https:\/\/allgemeinarztpraxis-in-der-marienstrasse.de\/wp-content\/uploads\/2020\/04\/IMG_0064-1.jpeg","width":1129,"height":1234,"caption":"Dr. med Sonja Rossa & Gudrun Gonnermann"},"image":{"@id":"https:\/\/allgemeinarztpraxis-in-der-marienstrasse.de\/home\/#\/schema\/logo\/image\/"}}]}},"jetpack_sharing_enabled":true,"_links":{"self":[{"href":"https:\/\/allgemeinarztpraxis-in-der-marienstrasse.de\/home\/wp-json\/wp\/v2\/pages\/631","targetHints":{"allow":["GET"]}}],"collection":[{"href":"https:\/\/allgemeinarztpraxis-in-der-marienstrasse.de\/home\/wp-json\/wp\/v2\/pages"}],"about":[{"href":"https:\/\/allgemeinarztpraxis-in-der-marienstrasse.de\/home\/wp-json\/wp\/v2\/types\/page"}],"author":[{"embeddable":true,"href":"https:\/\/allgemeinarztpraxis-in-der-marienstrasse.de\/home\/wp-json\/wp\/v2\/users\/3"}],"replies":[{"embeddable":true,"href":"https:\/\/allgemeinarztpraxis-in-der-marienstrasse.de\/home\/wp-json\/wp\/v2\/comments?post=631"}],"version-history":[{"count":15,"href":"https:\/\/allgemeinarztpraxis-in-der-marienstrasse.de\/home\/wp-json\/wp\/v2\/pages\/631\/revisions"}],"predecessor-version":[{"id":3475,"href":"https:\/\/allgemeinarztpraxis-in-der-marienstrasse.de\/home\/wp-json\/wp\/v2\/pages\/631\/revisions\/3475"}],"wp:attachment":[{"href":"https:\/\/allgemeinarztpraxis-in-der-marienstrasse.de\/home\/wp-json\/wp\/v2\/media?parent=631"}],"curies":[{"name":"wp","href":"https:\/\/api.w.org\/{rel}","templated":true}]}}