{"id":635,"date":"2020-04-10T12:57:49","date_gmt":"2020-04-10T10:57:49","guid":{"rendered":"https:\/\/allgemeinarztpraxis-in-der-marienstrasse.de\/?page_id=635"},"modified":"2023-05-15T10:53:36","modified_gmt":"2023-05-15T08:53:36","slug":"anfahrt","status":"publish","type":"page","link":"https:\/\/allgemeinarztpraxis-in-der-marienstrasse.de\/home\/anfahrt\/","title":{"rendered":""},"content":{"rendered":"\t\t<div data-elementor-type=\"wp-page\" data-elementor-id=\"635\" class=\"elementor elementor-635\" data-elementor-post-type=\"page\">\n\t\t\t\t\t\t<section class=\"elementor-section elementor-top-section elementor-element elementor-element-12bfa09 elementor-section-boxed elementor-section-height-default elementor-section-height-default\" data-id=\"12bfa09\" data-element_type=\"section\" data-e-type=\"section\">\n\t\t\t\t\t\t<div class=\"elementor-container elementor-column-gap-default\">\n\t\t\t\t\t<div class=\"elementor-column elementor-col-100 elementor-top-column elementor-element elementor-element-16eb0ab\" data-id=\"16eb0ab\" data-element_type=\"column\" data-e-type=\"column\">\n\t\t\t<div class=\"elementor-widget-wrap elementor-element-populated\">\n\t\t\t\t\t\t<div class=\"elementor-element elementor-element-8d91b47 elementor-widget elementor-widget-spacer\" data-id=\"8d91b47\" data-element_type=\"widget\" data-e-type=\"widget\" data-widget_type=\"spacer.default\">\n\t\t\t\t<div class=\"elementor-widget-container\">\n\t\t\t\t\t\t\t<div class=\"elementor-spacer\">\n\t\t\t<div class=\"elementor-spacer-inner\"><\/div>\n\t\t<\/div>\n\t\t\t\t\t\t<\/div>\n\t\t\t\t<\/div>\n\t\t\t\t\t<\/div>\n\t\t<\/div>\n\t\t\t\t\t<\/div>\n\t\t<\/section>\n\t\t\t\t<section class=\"elementor-section elementor-top-section elementor-element elementor-element-85be2a0 elementor-section-boxed elementor-section-height-default elementor-section-height-default\" data-id=\"85be2a0\" data-element_type=\"section\" data-e-type=\"section\">\n\t\t\t\t\t\t<div class=\"elementor-container elementor-column-gap-default\">\n\t\t\t\t\t<div class=\"elementor-column elementor-col-100 elementor-top-column elementor-element elementor-element-5e253a0\" data-id=\"5e253a0\" data-element_type=\"column\" data-e-type=\"column\">\n\t\t\t<div class=\"elementor-widget-wrap elementor-element-populated\">\n\t\t\t\t\t\t<div class=\"elementor-element elementor-element-adf7f73 elementor-widget elementor-widget-spacer\" data-id=\"adf7f73\" data-element_type=\"widget\" data-e-type=\"widget\" data-widget_type=\"spacer.default\">\n\t\t\t\t<div class=\"elementor-widget-container\">\n\t\t\t\t\t\t\t<div class=\"elementor-spacer\">\n\t\t\t<div class=\"elementor-spacer-inner\"><\/div>\n\t\t<\/div>\n\t\t\t\t\t\t<\/div>\n\t\t\t\t<\/div>\n\t\t\t\t\t<\/div>\n\t\t<\/div>\n\t\t\t\t\t<\/div>\n\t\t<\/section>\n\t\t\t\t<section class=\"elementor-section elementor-top-section elementor-element elementor-element-db90d3a elementor-section-boxed elementor-section-height-default elementor-section-height-default\" data-id=\"db90d3a\" data-element_type=\"section\" data-e-type=\"section\">\n\t\t\t\t\t\t<div class=\"elementor-container elementor-column-gap-default\">\n\t\t\t\t\t<div class=\"elementor-column elementor-col-100 elementor-top-column elementor-element elementor-element-e240cf3\" data-id=\"e240cf3\" data-element_type=\"column\" data-e-type=\"column\">\n\t\t\t<div class=\"elementor-widget-wrap elementor-element-populated\">\n\t\t\t\t\t\t<div class=\"elementor-element elementor-element-cdf8028 elementor-widget elementor-widget-heading\" data-id=\"cdf8028\" data-element_type=\"widget\" data-e-type=\"widget\" data-widget_type=\"heading.default\">\n\t\t\t\t<div class=\"elementor-widget-container\">\n\t\t\t\t\t<h2 class=\"elementor-heading-title elementor-size-default\">Anfahrt <\/h2>\t\t\t\t<\/div>\n\t\t\t\t<\/div>\n\t\t\t\t\t<\/div>\n\t\t<\/div>\n\t\t\t\t\t<\/div>\n\t\t<\/section>\n\t\t\t\t<section class=\"elementor-section elementor-top-section elementor-element elementor-element-2f6c17e0 elementor-section-boxed elementor-section-height-default elementor-section-height-default\" data-id=\"2f6c17e0\" data-element_type=\"section\" data-e-type=\"section\">\n\t\t\t\t\t\t<div class=\"elementor-container elementor-column-gap-default\">\n\t\t\t\t\t<div class=\"elementor-column elementor-col-100 elementor-top-column elementor-element elementor-element-72240ba5\" data-id=\"72240ba5\" data-element_type=\"column\" data-e-type=\"column\">\n\t\t\t<div class=\"elementor-widget-wrap elementor-element-populated\">\n\t\t\t\t\t\t<div class=\"elementor-element elementor-element-c02051 elementor-widget elementor-widget-text-editor\" data-id=\"c02051\" data-element_type=\"widget\" data-e-type=\"widget\" data-widget_type=\"text-editor.default\">\n\t\t\t\t<div class=\"elementor-widget-container\">\n\t\t\t\t\t\t\t\t\t\n<p><strong>Marienstra\u00dfe 57. 5.OG 30171 Hannover <\/strong><\/p>\n\n\n\n<p><strong>Sie erreichen uns mit den mit den \u00f6ffentlichen Verkehrsmitteln der Linien, &nbsp;U- 4, 5, 6, 11 und &nbsp;Bus 121 (Haltestelle: Marienstra\u00dfe) der Zugang zur Praxis ist&nbsp;rollstuhlgerecht. Ein behindertengerechter&nbsp;Parkplatz befindet sich am&nbsp;Eingang. <\/strong><\/p>\n\n\n<p><iframe src=\"https:\/\/www.google.com\/maps\/embed?pb=!1m18!1m12!1m3!1d609.0087812261743!2d9.751097729272427!3d52.36978309873661!2m3!1f0!2f0!3f0!3m2!1i1024!2i768!4f13.1!3m3!1m2!1s0x416539995f2962ab%3A0xa35b30b4568f448!2sPraxis%20f%C3%BCr%20Allgemeinmedizin%20Dr.%20med.%20Sonja%20Rossa%20%26%20Gudrun%20Gonnermann!5e0!3m2!1sde!2sde!4v1596967855470!5m2!1sde!2sde\" width=\"600\" height=\"450\" frameborder=\"0\" style=\"border:0;\" allowfullscreen=\"\" aria-hidden=\"false\" tabindex=\"0\"><\/iframe><\/p>\t\t\t\t\t\t\t\t<\/div>\n\t\t\t\t<\/div>\n\t\t\t\t\t<\/div>\n\t\t<\/div>\n\t\t\t\t\t<\/div>\n\t\t<\/section>\n\t\t\t\t<section class=\"elementor-section elementor-top-section elementor-element elementor-element-68dd04f elementor-section-boxed elementor-section-height-default elementor-section-height-default\" data-id=\"68dd04f\" data-element_type=\"section\" data-e-type=\"section\">\n\t\t\t\t\t\t<div class=\"elementor-container elementor-column-gap-default\">\n\t\t\t\t\t<div class=\"elementor-column elementor-col-100 elementor-top-column elementor-element elementor-element-9508577\" data-id=\"9508577\" data-element_type=\"column\" data-e-type=\"column\">\n\t\t\t<div class=\"elementor-widget-wrap elementor-element-populated\">\n\t\t\t\t\t\t<div class=\"elementor-element elementor-element-57db3e4 elementor-widget-divider--view-line elementor-widget elementor-widget-divider\" data-id=\"57db3e4\" data-element_type=\"widget\" data-e-type=\"widget\" data-widget_type=\"divider.default\">\n\t\t\t\t<div class=\"elementor-widget-container\">\n\t\t\t\t\t\t\t<div class=\"elementor-divider\">\n\t\t\t<span class=\"elementor-divider-separator\">\n\t\t\t\t\t\t<\/span>\n\t\t<\/div>\n\t\t\t\t\t\t<\/div>\n\t\t\t\t<\/div>\n\t\t\t\t<div class=\"elementor-element elementor-element-3f11c87 elementor-widget elementor-widget-spacer\" data-id=\"3f11c87\" data-element_type=\"widget\" data-e-type=\"widget\" data-widget_type=\"spacer.default\">\n\t\t\t\t<div class=\"elementor-widget-container\">\n\t\t\t\t\t\t\t<div class=\"elementor-spacer\">\n\t\t\t<div class=\"elementor-spacer-inner\"><\/div>\n\t\t<\/div>\n\t\t\t\t\t\t<\/div>\n\t\t\t\t<\/div>\n\t\t\t\t\t<\/div>\n\t\t<\/div>\n\t\t\t\t\t<\/div>\n\t\t<\/section>\n\t\t\t\t<section class=\"elementor-section elementor-top-section elementor-element elementor-element-17f475b elementor-section-boxed elementor-section-height-default elementor-section-height-default\" data-id=\"17f475b\" data-element_type=\"section\" data-e-type=\"section\">\n\t\t\t\t\t\t<div class=\"elementor-container elementor-column-gap-default\">\n\t\t\t\t\t<div class=\"elementor-column elementor-col-66 elementor-top-column elementor-element elementor-element-d891b0e\" data-id=\"d891b0e\" data-element_type=\"column\" data-e-type=\"column\">\n\t\t\t<div class=\"elementor-widget-wrap elementor-element-populated\">\n\t\t\t\t\t\t<div class=\"elementor-element elementor-element-fdf4bee elementor-widget elementor-widget-text-editor\" data-id=\"fdf4bee\" data-element_type=\"widget\" data-e-type=\"widget\" data-widget_type=\"text-editor.default\">\n\t\t\t\t<div class=\"elementor-widget-container\">\n\t\t\t\t\t\t\t\t\t<p style=\"text-align: center;\"><strong>Praxis f\u00fcr Allgemeinmedizin Dr. med. Sonja Rossa &amp; Gudrun Gonnermann<\/strong><\/p>\n<p style=\"text-align: center;\"><strong>Marienstra\u00dfe\u00a057, 5.OG<\/strong><\/p>\n<p style=\"text-align: center;\"><strong>30171 Hannover\u00a0<\/strong><\/p>\n<p style=\"text-align: center;\"><strong>Telefon:\u00a0<a href=\"tel: 0511 3631188\">0511\u00a03631188<\/a>\u00a0\/\u00a0Fax:\u00a0<a href=\"fax: 0511 325555\">0511 325555<\/a><\/strong><\/p>\n<p class=\"has-text-align-center\" style=\"text-align: center;\"><strong>E-Mail: <a href=\"mailto:info@praxis-rogo.de\">info@praxis-rogo.de<\/a><\/strong><\/p>\t\t\t\t\t\t\t\t<\/div>\n\t\t\t\t<\/div>\n\t\t\t\t\t<\/div>\n\t\t<\/div>\n\t\t\t\t<div class=\"elementor-column elementor-col-33 elementor-top-column elementor-element elementor-element-b1af022\" data-id=\"b1af022\" data-element_type=\"column\" data-e-type=\"column\">\n\t\t\t<div class=\"elementor-widget-wrap elementor-element-populated\">\n\t\t\t\t\t\t<div class=\"elementor-element elementor-element-b6b7c01 elementor-widget elementor-widget-google_maps\" data-id=\"b6b7c01\" data-element_type=\"widget\" data-e-type=\"widget\" data-widget_type=\"google_maps.default\">\n\t\t\t\t<div class=\"elementor-widget-container\">\n\t\t\t\t\t\t\t<div class=\"elementor-custom-embed\">\n\t\t\t<iframe loading=\"lazy\"\n\t\t\t\t\tsrc=\"https:\/\/maps.google.com\/maps?q=Praxis%20f%C3%BCr%20Allgemeinmedizin%20Dr.%20med.%20Sonja%20Rossa%20%26%20Gudrun%20Gonnermann&#038;t=m&#038;z=11&#038;output=embed&#038;iwloc=near\"\n\t\t\t\t\ttitle=\"Praxis f\u00fcr Allgemeinmedizin Dr. med. Sonja Rossa &amp; Gudrun Gonnermann\"\n\t\t\t\t\taria-label=\"Praxis f\u00fcr Allgemeinmedizin Dr. med. Sonja Rossa &amp; Gudrun Gonnermann\"\n\t\t\t><\/iframe>\n\t\t<\/div>\n\t\t\t\t\t\t<\/div>\n\t\t\t\t<\/div>\n\t\t\t\t\t<\/div>\n\t\t<\/div>\n\t\t\t\t\t<\/div>\n\t\t<\/section>\n\t\t\t\t<\/div>\n\t\t","protected":false},"excerpt":{"rendered":"<p>Anfahrt Marienstra\u00dfe 57. 5.OG 30171 Hannover Sie erreichen uns mit den mit den \u00f6ffentlichen Verkehrsmitteln der Linien, &nbsp;U- 4, 5, 6, 11 und &nbsp;Bus 121 (Haltestelle: Marienstra\u00dfe) der Zugang zur Praxis ist&nbsp;rollstuhlgerecht. Ein behindertengerechter&nbsp;Parkplatz befindet sich am&nbsp;Eingang. Praxis f\u00fcr Allgemeinmedizin Dr. med. Sonja Rossa &amp; Gudrun Gonnermann Marienstra\u00dfe\u00a057, 5.OG 30171 Hannover\u00a0 Telefon:\u00a00511\u00a03631188\u00a0\/\u00a0Fax:\u00a00511 325555 E-Mail: info@praxis-rogo.de<\/p>\n","protected":false},"author":3,"featured_media":0,"parent":0,"menu_order":0,"comment_status":"closed","ping_status":"closed","template":"","meta":{"footnotes":""},"class_list":["post-635","page","type-page","status-publish","hentry"],"yoast_head":"<!-- This site is optimized with the Yoast SEO plugin v27.3 - https:\/\/yoast.com\/product\/yoast-seo-wordpress\/ -->\n<title>- PRAXIS F\u00dcR ALLGEMEINMEDIZIN<\/title>\n<meta name=\"description\" content=\"Sie erreichen uns mit den mit den \u00f6ffentlichen Verkehrsmitteln der Linien, U- 4, 5, 6, 11 und Bus 121 (Haltestelle: Marienstra\u00dfe)\" \/>\n<meta name=\"robots\" content=\"index, follow, max-snippet:-1, max-image-preview:large, max-video-preview:-1\" \/>\n<link rel=\"canonical\" href=\"https:\/\/allgemeinarztpraxis-in-der-marienstrasse.de\/home\/anfahrt\/\" \/>\n<meta property=\"og:locale\" content=\"de_DE\" \/>\n<meta property=\"og:type\" content=\"article\" \/>\n<meta property=\"og:title\" content=\"- PRAXIS F\u00dcR ALLGEMEINMEDIZIN\" \/>\n<meta property=\"og:description\" content=\"Sie erreichen uns mit den mit den \u00f6ffentlichen Verkehrsmitteln der Linien, U- 4, 5, 6, 11 und Bus 121 (Haltestelle: Marienstra\u00dfe)\" \/>\n<meta property=\"og:url\" content=\"https:\/\/allgemeinarztpraxis-in-der-marienstrasse.de\/home\/anfahrt\/\" \/>\n<meta property=\"og:site_name\" content=\"PRAXIS F\u00dcR ALLGEMEINMEDIZIN\" \/>\n<meta property=\"article:modified_time\" content=\"2023-05-15T08:53:36+00:00\" \/>\n<meta name=\"twitter:card\" content=\"summary_large_image\" \/>\n<meta name=\"twitter:label1\" content=\"Gesch\u00e4tzte Lesezeit\" \/>\n\t<meta name=\"twitter:data1\" content=\"1\u00a0Minute\" \/>\n<script type=\"application\/ld+json\" class=\"yoast-schema-graph\">{\"@context\":\"https:\\\/\\\/schema.org\",\"@graph\":[{\"@type\":\"WebPage\",\"@id\":\"https:\\\/\\\/allgemeinarztpraxis-in-der-marienstrasse.de\\\/home\\\/anfahrt\\\/\",\"url\":\"https:\\\/\\\/allgemeinarztpraxis-in-der-marienstrasse.de\\\/home\\\/anfahrt\\\/\",\"name\":\"- PRAXIS F\u00dcR ALLGEMEINMEDIZIN\",\"isPartOf\":{\"@id\":\"https:\\\/\\\/allgemeinarztpraxis-in-der-marienstrasse.de\\\/home\\\/#website\"},\"datePublished\":\"2020-04-10T10:57:49+00:00\",\"dateModified\":\"2023-05-15T08:53:36+00:00\",\"description\":\"Sie erreichen uns mit den mit den \u00f6ffentlichen Verkehrsmitteln der Linien, U- 4, 5, 6, 11 und Bus 121 (Haltestelle: Marienstra\u00dfe)\",\"inLanguage\":\"de\",\"potentialAction\":[{\"@type\":\"ReadAction\",\"target\":[\"https:\\\/\\\/allgemeinarztpraxis-in-der-marienstrasse.de\\\/home\\\/anfahrt\\\/\"]}]},{\"@type\":\"WebSite\",\"@id\":\"https:\\\/\\\/allgemeinarztpraxis-in-der-marienstrasse.de\\\/home\\\/#website\",\"url\":\"https:\\\/\\\/allgemeinarztpraxis-in-der-marienstrasse.de\\\/home\\\/\",\"name\":\"PRAXIS F\u00dcR ALLGEMEINMEDIZIN\",\"description\":\"Dr. med. Sonja Rossa &amp; Gudrun Gonnermann\",\"publisher\":{\"@id\":\"https:\\\/\\\/allgemeinarztpraxis-in-der-marienstrasse.de\\\/home\\\/#organization\"},\"potentialAction\":[{\"@type\":\"SearchAction\",\"target\":{\"@type\":\"EntryPoint\",\"urlTemplate\":\"https:\\\/\\\/allgemeinarztpraxis-in-der-marienstrasse.de\\\/home\\\/?s={search_term_string}\"},\"query-input\":{\"@type\":\"PropertyValueSpecification\",\"valueRequired\":true,\"valueName\":\"search_term_string\"}}],\"inLanguage\":\"de\"},{\"@type\":\"Organization\",\"@id\":\"https:\\\/\\\/allgemeinarztpraxis-in-der-marienstrasse.de\\\/home\\\/#organization\",\"name\":\"Dr. med Sonja Rossa & Gudrun Gonnermann\",\"url\":\"https:\\\/\\\/allgemeinarztpraxis-in-der-marienstrasse.de\\\/home\\\/\",\"logo\":{\"@type\":\"ImageObject\",\"inLanguage\":\"de\",\"@id\":\"https:\\\/\\\/allgemeinarztpraxis-in-der-marienstrasse.de\\\/home\\\/#\\\/schema\\\/logo\\\/image\\\/\",\"url\":\"https:\\\/\\\/allgemeinarztpraxis-in-der-marienstrasse.de\\\/wp-content\\\/uploads\\\/2020\\\/04\\\/IMG_0064-1.jpeg\",\"contentUrl\":\"https:\\\/\\\/allgemeinarztpraxis-in-der-marienstrasse.de\\\/wp-content\\\/uploads\\\/2020\\\/04\\\/IMG_0064-1.jpeg\",\"width\":1129,\"height\":1234,\"caption\":\"Dr. med Sonja Rossa & Gudrun Gonnermann\"},\"image\":{\"@id\":\"https:\\\/\\\/allgemeinarztpraxis-in-der-marienstrasse.de\\\/home\\\/#\\\/schema\\\/logo\\\/image\\\/\"}}]}<\/script>\n<!-- \/ Yoast SEO plugin. -->","yoast_head_json":{"title":"- PRAXIS F\u00dcR ALLGEMEINMEDIZIN","description":"Sie erreichen uns mit den mit den \u00f6ffentlichen Verkehrsmitteln der Linien, U- 4, 5, 6, 11 und Bus 121 (Haltestelle: Marienstra\u00dfe)","robots":{"index":"index","follow":"follow","max-snippet":"max-snippet:-1","max-image-preview":"max-image-preview:large","max-video-preview":"max-video-preview:-1"},"canonical":"https:\/\/allgemeinarztpraxis-in-der-marienstrasse.de\/home\/anfahrt\/","og_locale":"de_DE","og_type":"article","og_title":"- PRAXIS F\u00dcR ALLGEMEINMEDIZIN","og_description":"Sie erreichen uns mit den mit den \u00f6ffentlichen Verkehrsmitteln der Linien, U- 4, 5, 6, 11 und Bus 121 (Haltestelle: Marienstra\u00dfe)","og_url":"https:\/\/allgemeinarztpraxis-in-der-marienstrasse.de\/home\/anfahrt\/","og_site_name":"PRAXIS F\u00dcR ALLGEMEINMEDIZIN","article_modified_time":"2023-05-15T08:53:36+00:00","twitter_card":"summary_large_image","twitter_misc":{"Gesch\u00e4tzte Lesezeit":"1\u00a0Minute"},"schema":{"@context":"https:\/\/schema.org","@graph":[{"@type":"WebPage","@id":"https:\/\/allgemeinarztpraxis-in-der-marienstrasse.de\/home\/anfahrt\/","url":"https:\/\/allgemeinarztpraxis-in-der-marienstrasse.de\/home\/anfahrt\/","name":"- PRAXIS F\u00dcR ALLGEMEINMEDIZIN","isPartOf":{"@id":"https:\/\/allgemeinarztpraxis-in-der-marienstrasse.de\/home\/#website"},"datePublished":"2020-04-10T10:57:49+00:00","dateModified":"2023-05-15T08:53:36+00:00","description":"Sie erreichen uns mit den mit den \u00f6ffentlichen Verkehrsmitteln der Linien, U- 4, 5, 6, 11 und Bus 121 (Haltestelle: Marienstra\u00dfe)","inLanguage":"de","potentialAction":[{"@type":"ReadAction","target":["https:\/\/allgemeinarztpraxis-in-der-marienstrasse.de\/home\/anfahrt\/"]}]},{"@type":"WebSite","@id":"https:\/\/allgemeinarztpraxis-in-der-marienstrasse.de\/home\/#website","url":"https:\/\/allgemeinarztpraxis-in-der-marienstrasse.de\/home\/","name":"PRAXIS F\u00dcR ALLGEMEINMEDIZIN","description":"Dr. med. Sonja Rossa &amp; Gudrun Gonnermann","publisher":{"@id":"https:\/\/allgemeinarztpraxis-in-der-marienstrasse.de\/home\/#organization"},"potentialAction":[{"@type":"SearchAction","target":{"@type":"EntryPoint","urlTemplate":"https:\/\/allgemeinarztpraxis-in-der-marienstrasse.de\/home\/?s={search_term_string}"},"query-input":{"@type":"PropertyValueSpecification","valueRequired":true,"valueName":"search_term_string"}}],"inLanguage":"de"},{"@type":"Organization","@id":"https:\/\/allgemeinarztpraxis-in-der-marienstrasse.de\/home\/#organization","name":"Dr. med Sonja Rossa & Gudrun Gonnermann","url":"https:\/\/allgemeinarztpraxis-in-der-marienstrasse.de\/home\/","logo":{"@type":"ImageObject","inLanguage":"de","@id":"https:\/\/allgemeinarztpraxis-in-der-marienstrasse.de\/home\/#\/schema\/logo\/image\/","url":"https:\/\/allgemeinarztpraxis-in-der-marienstrasse.de\/wp-content\/uploads\/2020\/04\/IMG_0064-1.jpeg","contentUrl":"https:\/\/allgemeinarztpraxis-in-der-marienstrasse.de\/wp-content\/uploads\/2020\/04\/IMG_0064-1.jpeg","width":1129,"height":1234,"caption":"Dr. med Sonja Rossa & Gudrun Gonnermann"},"image":{"@id":"https:\/\/allgemeinarztpraxis-in-der-marienstrasse.de\/home\/#\/schema\/logo\/image\/"}}]}},"jetpack_sharing_enabled":true,"_links":{"self":[{"href":"https:\/\/allgemeinarztpraxis-in-der-marienstrasse.de\/home\/wp-json\/wp\/v2\/pages\/635","targetHints":{"allow":["GET"]}}],"collection":[{"href":"https:\/\/allgemeinarztpraxis-in-der-marienstrasse.de\/home\/wp-json\/wp\/v2\/pages"}],"about":[{"href":"https:\/\/allgemeinarztpraxis-in-der-marienstrasse.de\/home\/wp-json\/wp\/v2\/types\/page"}],"author":[{"embeddable":true,"href":"https:\/\/allgemeinarztpraxis-in-der-marienstrasse.de\/home\/wp-json\/wp\/v2\/users\/3"}],"replies":[{"embeddable":true,"href":"https:\/\/allgemeinarztpraxis-in-der-marienstrasse.de\/home\/wp-json\/wp\/v2\/comments?post=635"}],"version-history":[{"count":6,"href":"https:\/\/allgemeinarztpraxis-in-der-marienstrasse.de\/home\/wp-json\/wp\/v2\/pages\/635\/revisions"}],"predecessor-version":[{"id":3281,"href":"https:\/\/allgemeinarztpraxis-in-der-marienstrasse.de\/home\/wp-json\/wp\/v2\/pages\/635\/revisions\/3281"}],"wp:attachment":[{"href":"https:\/\/allgemeinarztpraxis-in-der-marienstrasse.de\/home\/wp-json\/wp\/v2\/media?parent=635"}],"curies":[{"name":"wp","href":"https:\/\/api.w.org\/{rel}","templated":true}]}}