{"id":637,"date":"2020-04-10T12:58:50","date_gmt":"2020-04-10T10:58:50","guid":{"rendered":"https:\/\/allgemeinarztpraxis-in-der-marienstrasse.de\/?page_id=637"},"modified":"2023-11-20T16:23:11","modified_gmt":"2023-11-20T15:23:11","slug":"appointment","status":"publish","type":"page","link":"https:\/\/allgemeinarztpraxis-in-der-marienstrasse.de\/home\/appointment\/","title":{"rendered":""},"content":{"rendered":"\t\t<div data-elementor-type=\"wp-page\" data-elementor-id=\"637\" class=\"elementor elementor-637\" data-elementor-post-type=\"page\">\n\t\t\t\t\t\t<section class=\"elementor-section elementor-top-section elementor-element elementor-element-800c5d7 elementor-section-boxed elementor-section-height-default elementor-section-height-default\" data-id=\"800c5d7\" data-element_type=\"section\" data-e-type=\"section\">\n\t\t\t\t\t\t<div class=\"elementor-container elementor-column-gap-default\">\n\t\t\t\t\t<div class=\"elementor-column elementor-col-100 elementor-top-column elementor-element elementor-element-34e3c52\" data-id=\"34e3c52\" data-element_type=\"column\" data-e-type=\"column\">\n\t\t\t<div class=\"elementor-widget-wrap elementor-element-populated\">\n\t\t\t\t\t\t<div class=\"elementor-element elementor-element-9624af7 elementor-widget elementor-widget-spacer\" data-id=\"9624af7\" data-element_type=\"widget\" data-e-type=\"widget\" data-widget_type=\"spacer.default\">\n\t\t\t\t<div class=\"elementor-widget-container\">\n\t\t\t\t\t\t\t<div class=\"elementor-spacer\">\n\t\t\t<div class=\"elementor-spacer-inner\"><\/div>\n\t\t<\/div>\n\t\t\t\t\t\t<\/div>\n\t\t\t\t<\/div>\n\t\t\t\t\t<\/div>\n\t\t<\/div>\n\t\t\t\t\t<\/div>\n\t\t<\/section>\n\t\t\t\t<section class=\"elementor-section elementor-top-section elementor-element elementor-element-2f53893 elementor-section-boxed elementor-section-height-default elementor-section-height-default\" data-id=\"2f53893\" data-element_type=\"section\" data-e-type=\"section\">\n\t\t\t\t\t\t<div class=\"elementor-container elementor-column-gap-default\">\n\t\t\t\t\t<div class=\"elementor-column elementor-col-100 elementor-top-column elementor-element elementor-element-c29bc26\" data-id=\"c29bc26\" data-element_type=\"column\" data-e-type=\"column\">\n\t\t\t<div class=\"elementor-widget-wrap elementor-element-populated\">\n\t\t\t\t\t\t<div class=\"elementor-element elementor-element-3894542 elementor-widget elementor-widget-heading\" data-id=\"3894542\" data-element_type=\"widget\" data-e-type=\"widget\" data-widget_type=\"heading.default\">\n\t\t\t\t<div class=\"elementor-widget-container\">\n\t\t\t\t\t<h2 class=\"elementor-heading-title elementor-size-default\">Termin<\/h2>\t\t\t\t<\/div>\n\t\t\t\t<\/div>\n\t\t\t\t\t<\/div>\n\t\t<\/div>\n\t\t\t\t\t<\/div>\n\t\t<\/section>\n\t\t\t\t<section class=\"elementor-section elementor-top-section elementor-element elementor-element-ea353ea elementor-section-boxed elementor-section-height-default elementor-section-height-default\" data-id=\"ea353ea\" data-element_type=\"section\" data-e-type=\"section\">\n\t\t\t\t\t\t<div class=\"elementor-container elementor-column-gap-default\">\n\t\t\t\t\t<div class=\"elementor-column elementor-col-100 elementor-top-column elementor-element elementor-element-d96fcba\" data-id=\"d96fcba\" data-element_type=\"column\" data-e-type=\"column\">\n\t\t\t<div class=\"elementor-widget-wrap elementor-element-populated\">\n\t\t\t\t\t\t<div class=\"elementor-element elementor-element-a08f9c8 elementor-widget elementor-widget-spacer\" data-id=\"a08f9c8\" data-element_type=\"widget\" data-e-type=\"widget\" data-widget_type=\"spacer.default\">\n\t\t\t\t<div class=\"elementor-widget-container\">\n\t\t\t\t\t\t\t<div class=\"elementor-spacer\">\n\t\t\t<div class=\"elementor-spacer-inner\"><\/div>\n\t\t<\/div>\n\t\t\t\t\t\t<\/div>\n\t\t\t\t<\/div>\n\t\t\t\t\t<\/div>\n\t\t<\/div>\n\t\t\t\t\t<\/div>\n\t\t<\/section>\n\t\t\t\t<section class=\"elementor-section elementor-top-section elementor-element elementor-element-370d6e3 elementor-section-boxed elementor-section-height-default elementor-section-height-default\" data-id=\"370d6e3\" data-element_type=\"section\" data-e-type=\"section\">\n\t\t\t\t\t\t<div class=\"elementor-container elementor-column-gap-default\">\n\t\t\t\t\t<div class=\"elementor-column elementor-col-100 elementor-top-column elementor-element elementor-element-17c4814\" data-id=\"17c4814\" data-element_type=\"column\" data-e-type=\"column\">\n\t\t\t<div class=\"elementor-widget-wrap elementor-element-populated\">\n\t\t\t\t\t\t<div class=\"elementor-element elementor-element-7964f89 elementor-widget elementor-widget-shortcode\" data-id=\"7964f89\" data-element_type=\"widget\" data-e-type=\"widget\" data-widget_type=\"shortcode.default\">\n\t\t\t\t<div class=\"elementor-widget-container\">\n\t\t\t\t\t\t\t<div class=\"elementor-shortcode\"><div class=\"op-is-open-shortcode\"><span class=\"op-closed\">Geschlossen<\/span><span class=\"op-next-period \">Wir haben wieder am Mittwoch (8. April 2026) von 8:00 bis 12:00 ge\u00f6ffnet<\/span><\/div><\/div>\n\t\t\t\t\t\t<\/div>\n\t\t\t\t<\/div>\n\t\t\t\t\t<\/div>\n\t\t<\/div>\n\t\t\t\t\t<\/div>\n\t\t<\/section>\n\t\t\t\t<section class=\"elementor-section elementor-top-section elementor-element elementor-element-e27b70c elementor-section-boxed elementor-section-height-default elementor-section-height-default\" data-id=\"e27b70c\" data-element_type=\"section\" data-e-type=\"section\">\n\t\t\t\t\t\t<div class=\"elementor-container elementor-column-gap-default\">\n\t\t\t\t\t<div class=\"elementor-column elementor-col-100 elementor-top-column elementor-element elementor-element-15b50f3\" data-id=\"15b50f3\" data-element_type=\"column\" data-e-type=\"column\">\n\t\t\t<div class=\"elementor-widget-wrap elementor-element-populated\">\n\t\t\t\t\t\t<div class=\"elementor-element elementor-element-d3fdc21 elementor-widget elementor-widget-shortcode\" data-id=\"d3fdc21\" data-element_type=\"widget\" data-e-type=\"widget\" data-widget_type=\"shortcode.default\">\n\t\t\t\t<div class=\"elementor-widget-container\">\n\t\t\t\t\t\t\t<div class=\"elementor-shortcode\"><div class=\"op-overview-shortcode\"><h3 class=\"op-overview-title\">Sprechstundenzeiten<\/h3>\n<table class=\"op-table op-table-overview\">\n  \n    <tr class=\"op-row op-row-day \">\n    <th class=\"op-cell op-cell-heading\" scope=\"row\">Montag<\/th>\n    <td class=\"op-cell op-cell-periods\"><span class=\"op-period-time \">8:00 \u2013 12:00<\/span><span class=\"op-period-time \">15:00 \u2013 18:00<\/span><\/td>\n  <\/tr>\n    <tr class=\"op-row op-row-day highlighted\">\n    <th class=\"op-cell op-cell-heading\" scope=\"row\">Dienstag<\/th>\n    <td class=\"op-cell op-cell-periods\"><span class=\"op-period-time \">8:00 \u2013 12:00<\/span><span class=\"op-period-time \">14:00 \u2013 16:00<\/span><\/td>\n  <\/tr>\n    <tr class=\"op-row op-row-day \">\n    <th class=\"op-cell op-cell-heading\" scope=\"row\">Mittwoch<\/th>\n    <td class=\"op-cell op-cell-periods\"><span class=\"op-period-time \">8:00 \u2013 12:00<\/span><\/td>\n  <\/tr>\n    <tr class=\"op-row op-row-day \">\n    <th class=\"op-cell op-cell-heading\" scope=\"row\">Donnerstag<\/th>\n    <td class=\"op-cell op-cell-periods\"><span class=\"op-period-time \">8:00 \u2013 12:00<\/span><span class=\"op-period-time \">15:00 \u2013 18:00<\/span><\/td>\n  <\/tr>\n    <tr class=\"op-row op-row-day \">\n    <th class=\"op-cell op-cell-heading\" scope=\"row\">Freitag<\/th>\n    <td class=\"op-cell op-cell-periods\"><span class=\"op-period-time \">8:00 \u2013 12:00<\/span><\/td>\n  <\/tr>\n    <tr class=\"op-row op-row-day \">\n    <th class=\"op-cell op-cell-heading\" scope=\"row\">Samstag<\/th>\n    <td class=\"op-cell op-cell-periods\"><span class=\"op-closed\">Geschlossen <\/span><\/td>\n  <\/tr>\n    <tr class=\"op-row op-row-day \">\n    <th class=\"op-cell op-cell-heading\" scope=\"row\">Sonntag<\/th>\n    <td class=\"op-cell op-cell-periods\"><span class=\"op-closed\">Geschlossen <\/span><\/td>\n  <\/tr>\n  <\/table>\n\n<\/div><\/div>\n\t\t\t\t\t\t<\/div>\n\t\t\t\t<\/div>\n\t\t\t\t\t<\/div>\n\t\t<\/div>\n\t\t\t\t\t<\/div>\n\t\t<\/section>\n\t\t\t\t<section class=\"elementor-section elementor-top-section elementor-element elementor-element-1c2d850 elementor-section-boxed elementor-section-height-default elementor-section-height-default\" data-id=\"1c2d850\" data-element_type=\"section\" data-e-type=\"section\">\n\t\t\t\t\t\t<div class=\"elementor-container elementor-column-gap-default\">\n\t\t\t\t\t<div class=\"elementor-column elementor-col-100 elementor-top-column elementor-element elementor-element-cdf7a22\" data-id=\"cdf7a22\" data-element_type=\"column\" data-e-type=\"column\">\n\t\t\t<div class=\"elementor-widget-wrap elementor-element-populated\">\n\t\t\t\t\t\t<div class=\"elementor-element elementor-element-0859077 elementor-widget elementor-widget-spacer\" data-id=\"0859077\" data-element_type=\"widget\" data-e-type=\"widget\" data-widget_type=\"spacer.default\">\n\t\t\t\t<div class=\"elementor-widget-container\">\n\t\t\t\t\t\t\t<div class=\"elementor-spacer\">\n\t\t\t<div class=\"elementor-spacer-inner\"><\/div>\n\t\t<\/div>\n\t\t\t\t\t\t<\/div>\n\t\t\t\t<\/div>\n\t\t\t\t\t<\/div>\n\t\t<\/div>\n\t\t\t\t\t<\/div>\n\t\t<\/section>\n\t\t\t\t<section class=\"elementor-section elementor-top-section elementor-element elementor-element-3577bbf2 elementor-section-boxed elementor-section-height-default elementor-section-height-default\" data-id=\"3577bbf2\" data-element_type=\"section\" data-e-type=\"section\">\n\t\t\t\t\t\t<div class=\"elementor-container elementor-column-gap-default\">\n\t\t\t\t\t<div class=\"elementor-column elementor-col-100 elementor-top-column elementor-element elementor-element-68ad39ba\" data-id=\"68ad39ba\" data-element_type=\"column\" data-e-type=\"column\">\n\t\t\t<div class=\"elementor-widget-wrap elementor-element-populated\">\n\t\t\t\t\t\t<div class=\"elementor-element elementor-element-640cb8d3 elementor-widget elementor-widget-text-editor\" data-id=\"640cb8d3\" data-element_type=\"widget\" data-e-type=\"widget\" data-widget_type=\"text-editor.default\">\n\t\t\t\t<div class=\"elementor-widget-container\">\n\t\t\t\t\t\t\t\t\t<p><p><strong style=\"font-size: 1rem;\">Bitte vereinbaren Sie telefonisch unter der Telefonnummer <\/strong><a style=\"font-size: 1rem;\" href=\"tel:0511 3631188\">0511\u00a03631188<\/a><strong style=\"font-size: 1rem;\"> einen Termin. Beachten Sie bitte, dass Sie ohne einen vorab vereinbarten Termin mit l\u00e4ngeren Wartezeiten rechnen m\u00fcssen<\/strong><span style=\"font-size: 1rem;\">.<\/span><\/p>\n<p>\n<\/p>\n<p><\/p>\n<p><strong>Bringen Sie bitte zu jedem Termin Ihre Krankenversicherungskarte mit.<\/strong><\/p>\n<p><\/p>\n<p><\/p>\n<p><strong>Au\u00dferhalb der Sprechzeiten k\u00f6nnen Sie den Notdienst unter der Rufnummer <\/strong><a href=\"tel:116117\"><span style=\"text-decoration: underline;\">116117<\/span> <\/a><strong>erreichen.<\/strong><\/p>\n<p><\/p>\n<p><\/p>\n<h4 class=\"wp-block-heading\">INFORMATIONEN F\u00dcR NEUE PATIENTEN<\/h4>\n<p><\/p>\n<p><\/p>\n<p><strong>Neue Patienten, die zu ihrem ersten Termin kommen, bitten wir, mindestens 15 min. vor Terminbeginn zu erscheinen, um ihre Daten aufzunehmen zu k\u00f6nnen.<\/strong><\/p>\n<p><\/p>\n<p><\/p>\n<h4 class=\"wp-block-heading\">INFORMATION ZUM ABSAGEN VON TERMINEN<\/h4>\n<p><\/p>\n<p><\/p>\n<p><strong>Da leider h\u00e4ufiger Termine sehr kurzfristig abgesagt bzw. nicht wahrgenommen werden, bitten wir Sie, Termine, die Sie nicht wahrnehmen k\u00f6nnen, mindestens 1. Werktag vorher abzusagen.<\/strong><\/p>\n<p><\/p>\n<p><\/p>\n<p><strong>Sofern Termine nicht rechtzeitig abgesagt werden und daher nicht neu vergeben werden k\u00f6nnen, behalten wir uns vor, Ihnen die entstandenen Kosten in Rechnung zu stellen. Da diese nicht von ihrer Krankenkasse \u00fcbernommen werden.<\/strong><\/p>\n<p><\/p>\n<p><\/p>\n<p><\/p>\t\t\t\t\t\t\t\t<\/div>\n\t\t\t\t<\/div>\n\t\t\t\t\t<\/div>\n\t\t<\/div>\n\t\t\t\t\t<\/div>\n\t\t<\/section>\n\t\t\t\t<section class=\"elementor-section elementor-top-section elementor-element elementor-element-d76615e elementor-section-boxed elementor-section-height-default elementor-section-height-default\" data-id=\"d76615e\" data-element_type=\"section\" data-e-type=\"section\">\n\t\t\t\t\t\t<div class=\"elementor-container elementor-column-gap-default\">\n\t\t\t\t\t<div class=\"elementor-column elementor-col-100 elementor-top-column elementor-element elementor-element-e8eb708\" data-id=\"e8eb708\" data-element_type=\"column\" data-e-type=\"column\">\n\t\t\t<div class=\"elementor-widget-wrap elementor-element-populated\">\n\t\t\t\t\t\t<div class=\"elementor-element elementor-element-3b4d9ef elementor-widget-divider--view-line elementor-widget elementor-widget-divider\" data-id=\"3b4d9ef\" data-element_type=\"widget\" data-e-type=\"widget\" data-widget_type=\"divider.default\">\n\t\t\t\t<div class=\"elementor-widget-container\">\n\t\t\t\t\t\t\t<div class=\"elementor-divider\">\n\t\t\t<span class=\"elementor-divider-separator\">\n\t\t\t\t\t\t<\/span>\n\t\t<\/div>\n\t\t\t\t\t\t<\/div>\n\t\t\t\t<\/div>\n\t\t\t\t<div class=\"elementor-element elementor-element-75313e5 elementor-widget elementor-widget-spacer\" data-id=\"75313e5\" data-element_type=\"widget\" data-e-type=\"widget\" data-widget_type=\"spacer.default\">\n\t\t\t\t<div class=\"elementor-widget-container\">\n\t\t\t\t\t\t\t<div class=\"elementor-spacer\">\n\t\t\t<div class=\"elementor-spacer-inner\"><\/div>\n\t\t<\/div>\n\t\t\t\t\t\t<\/div>\n\t\t\t\t<\/div>\n\t\t\t\t\t<\/div>\n\t\t<\/div>\n\t\t\t\t\t<\/div>\n\t\t<\/section>\n\t\t\t\t<section class=\"elementor-section elementor-top-section elementor-element elementor-element-0804164 elementor-section-boxed elementor-section-height-default elementor-section-height-default\" data-id=\"0804164\" data-element_type=\"section\" data-e-type=\"section\">\n\t\t\t\t\t\t<div class=\"elementor-container elementor-column-gap-default\">\n\t\t\t\t\t<div class=\"elementor-column elementor-col-66 elementor-top-column elementor-element elementor-element-f84ab7d\" data-id=\"f84ab7d\" data-element_type=\"column\" data-e-type=\"column\">\n\t\t\t<div class=\"elementor-widget-wrap elementor-element-populated\">\n\t\t\t\t\t\t<div class=\"elementor-element elementor-element-91ee931 elementor-widget elementor-widget-text-editor\" data-id=\"91ee931\" data-element_type=\"widget\" data-e-type=\"widget\" data-widget_type=\"text-editor.default\">\n\t\t\t\t<div class=\"elementor-widget-container\">\n\t\t\t\t\t\t\t\t\t<p style=\"text-align: center;\"><strong>Praxis f\u00fcr Allgemeinmedizin Dr. med. Sonja Rossa &amp; Gudrun Gonnermann<\/strong><\/p>\n<p style=\"text-align: center;\"><strong>Marienstra\u00dfe\u00a057, 5.OG<\/strong><\/p>\n<p style=\"text-align: center;\"><strong>30171 Hannover\u00a0<\/strong><\/p>\n<p style=\"text-align: center;\"><strong>Telefon:\u00a0<a href=\"tel: 0511 3631188\">0511\u00a03631188<\/a>\u00a0\/\u00a0Fax:\u00a0<a href=\"fax: 0511 325555\">0511 325555<\/a><\/strong><\/p>\n<p class=\"has-text-align-center\" style=\"text-align: center;\"><strong>E-Mail: <a href=\"mailto:info@praxis-rogo.de\">info@praxis-rogo.de<\/a><\/strong><\/p>\t\t\t\t\t\t\t\t<\/div>\n\t\t\t\t<\/div>\n\t\t\t\t\t<\/div>\n\t\t<\/div>\n\t\t\t\t<div class=\"elementor-column elementor-col-33 elementor-top-column elementor-element elementor-element-9549dbf\" data-id=\"9549dbf\" data-element_type=\"column\" data-e-type=\"column\">\n\t\t\t<div class=\"elementor-widget-wrap elementor-element-populated\">\n\t\t\t\t\t\t<div class=\"elementor-element elementor-element-71fb0dd elementor-widget elementor-widget-google_maps\" data-id=\"71fb0dd\" data-element_type=\"widget\" data-e-type=\"widget\" data-widget_type=\"google_maps.default\">\n\t\t\t\t<div class=\"elementor-widget-container\">\n\t\t\t\t\t\t\t<div class=\"elementor-custom-embed\">\n\t\t\t<iframe loading=\"lazy\"\n\t\t\t\t\tsrc=\"https:\/\/maps.google.com\/maps?q=Praxis%20f%C3%BCr%20Allgemeinmedizin%20Dr.%20med.%20Sonja%20Rossa%20%26%20Gudrun%20Gonnermann&#038;t=m&#038;z=11&#038;output=embed&#038;iwloc=near\"\n\t\t\t\t\ttitle=\"Praxis f\u00fcr Allgemeinmedizin Dr. med. Sonja Rossa &amp; Gudrun Gonnermann\"\n\t\t\t\t\taria-label=\"Praxis f\u00fcr Allgemeinmedizin Dr. med. Sonja Rossa &amp; Gudrun Gonnermann\"\n\t\t\t><\/iframe>\n\t\t<\/div>\n\t\t\t\t\t\t<\/div>\n\t\t\t\t<\/div>\n\t\t\t\t\t<\/div>\n\t\t<\/div>\n\t\t\t\t\t<\/div>\n\t\t<\/section>\n\t\t\t\t<section class=\"elementor-section elementor-top-section elementor-element elementor-element-f34f9a6 elementor-section-boxed elementor-section-height-default elementor-section-height-default\" data-id=\"f34f9a6\" data-element_type=\"section\" data-e-type=\"section\">\n\t\t\t\t\t\t<div class=\"elementor-container elementor-column-gap-default\">\n\t\t\t\t\t<div class=\"elementor-column elementor-col-100 elementor-top-column elementor-element elementor-element-9163b66\" data-id=\"9163b66\" data-element_type=\"column\" data-e-type=\"column\">\n\t\t\t<div class=\"elementor-widget-wrap\">\n\t\t\t\t\t\t\t<\/div>\n\t\t<\/div>\n\t\t\t\t\t<\/div>\n\t\t<\/section>\n\t\t\t\t<\/div>\n\t\t","protected":false},"excerpt":{"rendered":"<p>Termin Bringen Sie bitte zu jedem Termin Ihre Krankenversicherungskarte mit. Au\u00dferhalb der Sprechzeiten k\u00f6nnen Sie den Notdienst unter der Rufnummer 116117 erreichen. INFORMATIONEN F\u00dcR NEUE PATIENTEN Neue Patienten, die zu ihrem ersten Termin kommen, bitten wir, mindestens 15 min. vor Terminbeginn zu erscheinen, um ihre Daten aufzunehmen zu k\u00f6nnen. INFORMATION ZUM ABSAGEN VON TERMINEN Da [&hellip;]<\/p>\n","protected":false},"author":3,"featured_media":0,"parent":0,"menu_order":0,"comment_status":"closed","ping_status":"closed","template":"","meta":{"footnotes":""},"class_list":["post-637","page","type-page","status-publish","hentry"],"yoast_head":"<!-- This site is optimized with the Yoast SEO plugin v27.3 - https:\/\/yoast.com\/product\/yoast-seo-wordpress\/ -->\n<title>- PRAXIS F\u00dcR ALLGEMEINMEDIZIN<\/title>\n<meta name=\"description\" content=\"Hier finden Sie die aktuellen Sprechstundenzeiten zudem k\u00f6nnen Sie hier einen Termin vereinbaren\" \/>\n<meta name=\"robots\" content=\"index, follow, max-snippet:-1, max-image-preview:large, max-video-preview:-1\" \/>\n<link rel=\"canonical\" href=\"https:\/\/allgemeinarztpraxis-in-der-marienstrasse.de\/home\/appointment\/\" \/>\n<meta property=\"og:locale\" content=\"de_DE\" \/>\n<meta property=\"og:type\" content=\"article\" \/>\n<meta property=\"og:title\" content=\"- PRAXIS F\u00dcR ALLGEMEINMEDIZIN\" \/>\n<meta property=\"og:description\" content=\"Hier finden Sie die aktuellen Sprechstundenzeiten zudem k\u00f6nnen Sie hier einen Termin vereinbaren\" \/>\n<meta property=\"og:url\" content=\"https:\/\/allgemeinarztpraxis-in-der-marienstrasse.de\/home\/appointment\/\" \/>\n<meta property=\"og:site_name\" content=\"PRAXIS F\u00dcR ALLGEMEINMEDIZIN\" \/>\n<meta property=\"article:modified_time\" content=\"2023-11-20T15:23:11+00:00\" \/>\n<meta name=\"twitter:card\" content=\"summary_large_image\" \/>\n<meta name=\"twitter:label1\" content=\"Gesch\u00e4tzte Lesezeit\" \/>\n\t<meta name=\"twitter:data1\" content=\"2\u00a0Minuten\" \/>\n<script type=\"application\/ld+json\" class=\"yoast-schema-graph\">{\"@context\":\"https:\\\/\\\/schema.org\",\"@graph\":[{\"@type\":\"WebPage\",\"@id\":\"https:\\\/\\\/allgemeinarztpraxis-in-der-marienstrasse.de\\\/home\\\/appointment\\\/\",\"url\":\"https:\\\/\\\/allgemeinarztpraxis-in-der-marienstrasse.de\\\/home\\\/appointment\\\/\",\"name\":\"- PRAXIS F\u00dcR ALLGEMEINMEDIZIN\",\"isPartOf\":{\"@id\":\"https:\\\/\\\/allgemeinarztpraxis-in-der-marienstrasse.de\\\/home\\\/#website\"},\"datePublished\":\"2020-04-10T10:58:50+00:00\",\"dateModified\":\"2023-11-20T15:23:11+00:00\",\"description\":\"Hier finden Sie die aktuellen Sprechstundenzeiten zudem k\u00f6nnen Sie hier einen Termin vereinbaren\",\"inLanguage\":\"de\",\"potentialAction\":[{\"@type\":\"ReadAction\",\"target\":[\"https:\\\/\\\/allgemeinarztpraxis-in-der-marienstrasse.de\\\/home\\\/appointment\\\/\"]}]},{\"@type\":\"WebSite\",\"@id\":\"https:\\\/\\\/allgemeinarztpraxis-in-der-marienstrasse.de\\\/home\\\/#website\",\"url\":\"https:\\\/\\\/allgemeinarztpraxis-in-der-marienstrasse.de\\\/home\\\/\",\"name\":\"PRAXIS F\u00dcR ALLGEMEINMEDIZIN\",\"description\":\"Dr. med. Sonja Rossa &amp; Gudrun Gonnermann\",\"publisher\":{\"@id\":\"https:\\\/\\\/allgemeinarztpraxis-in-der-marienstrasse.de\\\/home\\\/#organization\"},\"potentialAction\":[{\"@type\":\"SearchAction\",\"target\":{\"@type\":\"EntryPoint\",\"urlTemplate\":\"https:\\\/\\\/allgemeinarztpraxis-in-der-marienstrasse.de\\\/home\\\/?s={search_term_string}\"},\"query-input\":{\"@type\":\"PropertyValueSpecification\",\"valueRequired\":true,\"valueName\":\"search_term_string\"}}],\"inLanguage\":\"de\"},{\"@type\":\"Organization\",\"@id\":\"https:\\\/\\\/allgemeinarztpraxis-in-der-marienstrasse.de\\\/home\\\/#organization\",\"name\":\"Dr. med Sonja Rossa & Gudrun Gonnermann\",\"url\":\"https:\\\/\\\/allgemeinarztpraxis-in-der-marienstrasse.de\\\/home\\\/\",\"logo\":{\"@type\":\"ImageObject\",\"inLanguage\":\"de\",\"@id\":\"https:\\\/\\\/allgemeinarztpraxis-in-der-marienstrasse.de\\\/home\\\/#\\\/schema\\\/logo\\\/image\\\/\",\"url\":\"https:\\\/\\\/allgemeinarztpraxis-in-der-marienstrasse.de\\\/wp-content\\\/uploads\\\/2020\\\/04\\\/IMG_0064-1.jpeg\",\"contentUrl\":\"https:\\\/\\\/allgemeinarztpraxis-in-der-marienstrasse.de\\\/wp-content\\\/uploads\\\/2020\\\/04\\\/IMG_0064-1.jpeg\",\"width\":1129,\"height\":1234,\"caption\":\"Dr. med Sonja Rossa & Gudrun Gonnermann\"},\"image\":{\"@id\":\"https:\\\/\\\/allgemeinarztpraxis-in-der-marienstrasse.de\\\/home\\\/#\\\/schema\\\/logo\\\/image\\\/\"}}]}<\/script>\n<!-- \/ Yoast SEO plugin. -->","yoast_head_json":{"title":"- PRAXIS F\u00dcR ALLGEMEINMEDIZIN","description":"Hier finden Sie die aktuellen Sprechstundenzeiten zudem k\u00f6nnen Sie hier einen Termin vereinbaren","robots":{"index":"index","follow":"follow","max-snippet":"max-snippet:-1","max-image-preview":"max-image-preview:large","max-video-preview":"max-video-preview:-1"},"canonical":"https:\/\/allgemeinarztpraxis-in-der-marienstrasse.de\/home\/appointment\/","og_locale":"de_DE","og_type":"article","og_title":"- PRAXIS F\u00dcR ALLGEMEINMEDIZIN","og_description":"Hier finden Sie die aktuellen Sprechstundenzeiten zudem k\u00f6nnen Sie hier einen Termin vereinbaren","og_url":"https:\/\/allgemeinarztpraxis-in-der-marienstrasse.de\/home\/appointment\/","og_site_name":"PRAXIS F\u00dcR ALLGEMEINMEDIZIN","article_modified_time":"2023-11-20T15:23:11+00:00","twitter_card":"summary_large_image","twitter_misc":{"Gesch\u00e4tzte Lesezeit":"2\u00a0Minuten"},"schema":{"@context":"https:\/\/schema.org","@graph":[{"@type":"WebPage","@id":"https:\/\/allgemeinarztpraxis-in-der-marienstrasse.de\/home\/appointment\/","url":"https:\/\/allgemeinarztpraxis-in-der-marienstrasse.de\/home\/appointment\/","name":"- PRAXIS F\u00dcR ALLGEMEINMEDIZIN","isPartOf":{"@id":"https:\/\/allgemeinarztpraxis-in-der-marienstrasse.de\/home\/#website"},"datePublished":"2020-04-10T10:58:50+00:00","dateModified":"2023-11-20T15:23:11+00:00","description":"Hier finden Sie die aktuellen Sprechstundenzeiten zudem k\u00f6nnen Sie hier einen Termin vereinbaren","inLanguage":"de","potentialAction":[{"@type":"ReadAction","target":["https:\/\/allgemeinarztpraxis-in-der-marienstrasse.de\/home\/appointment\/"]}]},{"@type":"WebSite","@id":"https:\/\/allgemeinarztpraxis-in-der-marienstrasse.de\/home\/#website","url":"https:\/\/allgemeinarztpraxis-in-der-marienstrasse.de\/home\/","name":"PRAXIS F\u00dcR ALLGEMEINMEDIZIN","description":"Dr. med. Sonja Rossa &amp; Gudrun Gonnermann","publisher":{"@id":"https:\/\/allgemeinarztpraxis-in-der-marienstrasse.de\/home\/#organization"},"potentialAction":[{"@type":"SearchAction","target":{"@type":"EntryPoint","urlTemplate":"https:\/\/allgemeinarztpraxis-in-der-marienstrasse.de\/home\/?s={search_term_string}"},"query-input":{"@type":"PropertyValueSpecification","valueRequired":true,"valueName":"search_term_string"}}],"inLanguage":"de"},{"@type":"Organization","@id":"https:\/\/allgemeinarztpraxis-in-der-marienstrasse.de\/home\/#organization","name":"Dr. med Sonja Rossa & Gudrun Gonnermann","url":"https:\/\/allgemeinarztpraxis-in-der-marienstrasse.de\/home\/","logo":{"@type":"ImageObject","inLanguage":"de","@id":"https:\/\/allgemeinarztpraxis-in-der-marienstrasse.de\/home\/#\/schema\/logo\/image\/","url":"https:\/\/allgemeinarztpraxis-in-der-marienstrasse.de\/wp-content\/uploads\/2020\/04\/IMG_0064-1.jpeg","contentUrl":"https:\/\/allgemeinarztpraxis-in-der-marienstrasse.de\/wp-content\/uploads\/2020\/04\/IMG_0064-1.jpeg","width":1129,"height":1234,"caption":"Dr. med Sonja Rossa & Gudrun Gonnermann"},"image":{"@id":"https:\/\/allgemeinarztpraxis-in-der-marienstrasse.de\/home\/#\/schema\/logo\/image\/"}}]}},"jetpack_sharing_enabled":true,"_links":{"self":[{"href":"https:\/\/allgemeinarztpraxis-in-der-marienstrasse.de\/home\/wp-json\/wp\/v2\/pages\/637","targetHints":{"allow":["GET"]}}],"collection":[{"href":"https:\/\/allgemeinarztpraxis-in-der-marienstrasse.de\/home\/wp-json\/wp\/v2\/pages"}],"about":[{"href":"https:\/\/allgemeinarztpraxis-in-der-marienstrasse.de\/home\/wp-json\/wp\/v2\/types\/page"}],"author":[{"embeddable":true,"href":"https:\/\/allgemeinarztpraxis-in-der-marienstrasse.de\/home\/wp-json\/wp\/v2\/users\/3"}],"replies":[{"embeddable":true,"href":"https:\/\/allgemeinarztpraxis-in-der-marienstrasse.de\/home\/wp-json\/wp\/v2\/comments?post=637"}],"version-history":[{"count":30,"href":"https:\/\/allgemeinarztpraxis-in-der-marienstrasse.de\/home\/wp-json\/wp\/v2\/pages\/637\/revisions"}],"predecessor-version":[{"id":3498,"href":"https:\/\/allgemeinarztpraxis-in-der-marienstrasse.de\/home\/wp-json\/wp\/v2\/pages\/637\/revisions\/3498"}],"wp:attachment":[{"href":"https:\/\/allgemeinarztpraxis-in-der-marienstrasse.de\/home\/wp-json\/wp\/v2\/media?parent=637"}],"curies":[{"name":"wp","href":"https:\/\/api.w.org\/{rel}","templated":true}]}}